{"id":694,"date":"2020-06-01T15:06:12","date_gmt":"2020-06-01T15:06:12","guid":{"rendered":"https:\/\/olvafrans.classy.be\/?page_id=694"},"modified":"2021-01-26T14:43:49","modified_gmt":"2021-01-26T14:43:49","slug":"exameninfo","status":"publish","type":"page","link":"https:\/\/olvafrans.classy.be\/?page_id=694","title":{"rendered":"Exameninfo"},"content":{"rendered":"<p>Beste leerling, hier vind je alle info terug om het examen Frans voor te bereiden.<\/p>\n\n\n\n<div class=\"wp-block-image\"><figure class=\"alignleft size-large is-resized\"><img loading=\"lazy\" decoding=\"async\" src=\"https:\/\/olvafrans.classy.be\/wp-content\/uploads\/2020\/04\/Telecommuting-rafiki-1024x1024.png\" alt=\"\" class=\"wp-image-6\" width=\"231\" height=\"231\"\/><\/figure><\/div>\n\n\n\n<p>Elke week kreeg je een <strong>erg<\/strong> <strong>beperkt aantal opdrachten <\/strong>&#8211; online en in je schrift. Van heel wat leerlingen kreeg ik op regelmatige basis foto&#8217;s van hun werk. Ik ben er zeker van dat die inspanning zal lonen.<\/p>\n\n\n\n<p>Hieronder vind je alle info terug over het examen.<\/p>\n\n\n\n<p><\/p>\n\n\n\n<p>De linken naar elke week vind je hieronder terug. Je vindt er info over verschillende communicatieve thema&#8217;s als tickets bestellen, een treintraject kunnen uitleggen, het juiste voorzetsel bij een bepaald vervoermiddel&#8230; <\/p>\n\n\n\n<p><strong>Kijk vooral op de offici\u00eble examenwijzer op Smartschool (of hier als download) voor de  referenties naar bladzijden in het schrift. <\/strong>Dit is hier een samenvatting met linkjes naar al het digitale oefenmateriaal.<\/p>\n\n\n\n<p> <\/p>\n\n\n\n<div class=\"wp-block-file\"><a href=\"https:\/\/olvafrans.classy.be\/wp-content\/uploads\/2020\/06\/Examenwijzer-Frans-2des-juni-2020.docx\">Examenwijzer-Frans-2des-juni-2020<\/a><a href=\"https:\/\/olvafrans.classy.be\/wp-content\/uploads\/2020\/06\/Examenwijzer-Frans-2des-juni-2020.docx\" class=\"wp-block-file__button\" download>Download<\/a><\/div>\n\n\n\n<div class=\"wp-block-group\"><div class=\"wp-block-group__inner-container is-layout-flow wp-block-group-is-layout-flow\">\n<ul class=\"wp-block-list\"><li><a rel=\"noreferrer noopener\" href=\"https:\/\/olvafrans.classy.be\/?page_id=16\" target=\"_blank\">premi\u00e8re semaine<\/a><\/li><li><a href=\"https:\/\/olvafrans.classy.be\/?page_id=197\">deuxi\u00e8me semaine<\/a><\/li><li><a href=\"https:\/\/olvafrans.classy.be\/?page_id=322\">troisi\u00e8me semaine<\/a><\/li><li><a href=\"https:\/\/olvafrans.classy.be\/?page_id=403\">quatri\u00e8me semaine<\/a><\/li><li><a rel=\"noreferrer noopener\" href=\"https:\/\/olvafrans.classy.be\/?page_id=491\" target=\"_blank\">cinqui\u00e8me semaine<\/a><\/li><li><a rel=\"noreferrer noopener\" href=\"https:\/\/olvafrans.classy.be\/?page_id=578\" target=\"_blank\">sixi\u00e8me semaine<\/a><\/li><li>s<a rel=\"noreferrer noopener\" href=\"https:\/\/olvafrans.classy.be\/?page_id=690\" target=\"_blank\">epti\u00e8me semaine<\/a><\/li><\/ul>\n\n\n\n<hr class=\"wp-block-separator is-style-wide\"\/>\n<\/div><\/div>\n\n\n\n<p>Alle te kennen <strong>Quizlet<\/strong>lijsten (<strong>en dus alle voc<\/strong>) staan hieronder:<\/p>\n\n\n\n<ul class=\"wp-block-list\"><li><a rel=\"noreferrer noopener\" href=\"https:\/\/quizlet.com\/142494830\/vocabulaire-dossier-lille-flash-actu-flash-cards\/\" target=\"_blank\">flash actu<\/a><\/li><li><a rel=\"noreferrer noopener\" href=\"https:\/\/quizlet.com\/508883822\/vocabulaire-dossier-musique-flash-cards\/\" target=\"_blank\">musique<\/a><\/li><li><a rel=\"noreferrer noopener\" href=\"https:\/\/quizlet.com\/510533589\/vocabulaire-dossier-tele-flash-cards\/\" target=\"_blank\">t\u00e9l\u00e9<\/a><\/li><li><a rel=\"noreferrer noopener\" href=\"https:\/\/quizlet.com\/133625134\/coup-de-pouce-2-dossier-5-vocabulaire-p-358-360-flash-cards\/\" target=\"_blank\">dossier 5A<\/a><\/li><li><a rel=\"noreferrer noopener\" href=\"https:\/\/quizlet.com\/504944386\/cdp2-dossier-5-vocabulaire-p360-361-flash-cards\/\" target=\"_blank\">dossier 5B<\/a><\/li><\/ul>\n\n\n\n<hr class=\"wp-block-separator is-style-wide\"\/>\n\n\n\n<p>Wat grammaire betreft:<\/p>\n\n\n\n<ul class=\"wp-block-list\"><li><a rel=\"noreferrer noopener\" href=\"https:\/\/spark.adobe.com\/page\/x9939RgYzcfFn\/\" target=\"_blank\">Superlatif<\/a> (Dossier 2) en comparatif, met de nadruk op het nieuwe, de comparatif. Kwam aan bod in contactles 2 en in coronaweek 1 en 2 &#8211; klik dus ook op <a rel=\"noreferrer noopener\" href=\"https:\/\/olvafrans.classy.be\/?page_id=16\" target=\"_blank\">premi\u00e8re semaine<\/a>).<\/li><li>Pronom personnel <a rel=\"noreferrer noopener\" href=\"https:\/\/spark.adobe.com\/page\/LUB7n0WhOTpbR\/\" target=\"_blank\">COD<\/a>  (Dossier 1) en <a rel=\"noreferrer noopener\" href=\"https:\/\/spark.adobe.com\/page\/e4BuRCSg34TaU\/\" target=\"_blank\">COI<\/a>, met nadruk op het nieuwe, COI. Kwam opnieuw aan bod in contactles 1. (p. 236 + p. 272-274 + p. 289-290)<\/li><li><a rel=\"noreferrer noopener\" href=\"https:\/\/storage.googleapis.com\/futursimplerise360\/content\/index.html#\/\" target=\"_blank\">Futur simple<\/a> en <a rel=\"noreferrer noopener\" href=\"https:\/\/spark.adobe.com\/page\/kC5XJSULTpr1t\/\" target=\"_blank\">Conditionnel pr\u00e9sent<\/a>, met de nadruk op het nieuwe, de Cond. pr\u00e9s. Kwam opnieuw aan bod in contactles 2.<\/li><li>Werkwoorden in alle gekende werkwoordtijden: Indicatif pr\u00e9sent, imp\u00e9ratif, pass\u00e9 compos\u00e9, imparfait, futur simple, Conditionnel pr\u00e9sent. Nadruk ligt op de nieuwe werkwoorden. In te oefenen via Verbuga. Kwam (opnieuw) aan bod in contactles 2.<ul><li> <em><strong>devoir, pouvoir, savoir, croire, lire, dire<\/strong><\/em><\/li><li>verbes en -IR (<strong>choisir <\/strong>+ <strong>remplir<\/strong>: verbes en -IR (comme finir) p. 260 \u2013 261 (+ ex. 56-57 p. 284- 285) + <strong>offrir <\/strong>+ <strong>ouvrir<\/strong>: verbes en -IR (comme souffrir) p. 268 \u2013 269 (+ ex. 58-59 p. 285)<\/li><\/ul><\/li><\/ul>\n\n\n\n<div class=\"wp-block-image\"><figure class=\"alignleft size-large is-resized\"><img loading=\"lazy\" decoding=\"async\" src=\"https:\/\/olvafrans.classy.be\/wp-content\/uploads\/2020\/04\/fatigu\u00e9.png\" alt=\"\" class=\"wp-image-106\" width=\"212\" height=\"177\" srcset=\"https:\/\/olvafrans.classy.be\/wp-content\/uploads\/2020\/04\/fatigu\u00e9.png 666w, https:\/\/olvafrans.classy.be\/wp-content\/uploads\/2020\/04\/fatigu\u00e9-300x250.png 300w\" sizes=\"auto, (max-width: 212px) 100vw, 212px\" \/><\/figure><\/div>\n\n\n\n<p>Nog even doorbijten. Sommigen hebben zich hard ingezet en bijna alle taken gemaakt. ik kan me voorstellen dat dit toch wel intensieve weken waren.<\/p>\n\n\n\n<p>Daarna komt de vakantie, welverdiend.<\/p>\n\n\n\n<p><\/p>\n\n\n\n<p>Tot later.<\/p>\n\n\n\n<p>Erik<\/p>\n","protected":false},"excerpt":{"rendered":"<p>Beste leerling, hier vind je alle info terug om het examen Frans voor te bereiden. Elke week kreeg je een erg beperkt aantal opdrachten &#8211; online en in je schrift. Van heel wat leerlingen kreeg ik op regelmatige basis foto&#8217;s van hun werk. Ik ben er zeker van dat die inspanning zal lonen. Hieronder vind &hellip; <\/p>\n<p class=\"link-more\"><a href=\"https:\/\/olvafrans.classy.be\/?page_id=694\" class=\"more-link\">Lees verder <span class=\"screen-reader-text\">&#8220;Exameninfo&#8221;<\/span><\/a><\/p>\n","protected":false},"author":1,"featured_media":0,"parent":0,"menu_order":0,"comment_status":"closed","ping_status":"closed","template":"","meta":{"footnotes":""},"class_list":["post-694","page","type-page","status-publish","hentry"],"_links":{"self":[{"href":"https:\/\/olvafrans.classy.be\/index.php?rest_route=\/wp\/v2\/pages\/694","targetHints":{"allow":["GET"]}}],"collection":[{"href":"https:\/\/olvafrans.classy.be\/index.php?rest_route=\/wp\/v2\/pages"}],"about":[{"href":"https:\/\/olvafrans.classy.be\/index.php?rest_route=\/wp\/v2\/types\/page"}],"author":[{"embeddable":true,"href":"https:\/\/olvafrans.classy.be\/index.php?rest_route=\/wp\/v2\/users\/1"}],"replies":[{"embeddable":true,"href":"https:\/\/olvafrans.classy.be\/index.php?rest_route=%2Fwp%2Fv2%2Fcomments&post=694"}],"version-history":[{"count":36,"href":"https:\/\/olvafrans.classy.be\/index.php?rest_route=\/wp\/v2\/pages\/694\/revisions"}],"predecessor-version":[{"id":797,"href":"https:\/\/olvafrans.classy.be\/index.php?rest_route=\/wp\/v2\/pages\/694\/revisions\/797"}],"wp:attachment":[{"href":"https:\/\/olvafrans.classy.be\/index.php?rest_route=%2Fwp%2Fv2%2Fmedia&parent=694"}],"curies":[{"name":"wp","href":"https:\/\/api.w.org\/{rel}","templated":true}]}}