{"id":690,"date":"2020-06-01T14:58:53","date_gmt":"2020-06-01T14:58:53","guid":{"rendered":"https:\/\/olvafrans.classy.be\/?page_id=690"},"modified":"2020-06-01T15:37:37","modified_gmt":"2020-06-01T15:37:37","slug":"septieme-semaine-du-2-au-5-juin","status":"publish","type":"page","link":"https:\/\/olvafrans.classy.be\/?page_id=690","title":{"rendered":"Septi\u00e8me semaine: du 2 au 5 juin"},"content":{"rendered":"\n<p>Cette semaine on parle de <strong>la t\u00e9l\u00e9<\/strong>. <\/p>\n\n\n\n<p><\/p>\n\n\n\n<figure class=\"wp-block-image size-large\"><img loading=\"lazy\" decoding=\"async\" width=\"650\" height=\"40\" src=\"https:\/\/olvafrans.classy.be\/wp-content\/uploads\/2020\/04\/divider-Je-suis-styl\u00e9-1.png\" alt=\"\" class=\"wp-image-67\" srcset=\"https:\/\/olvafrans.classy.be\/wp-content\/uploads\/2020\/04\/divider-Je-suis-styl\u00e9-1.png 650w, https:\/\/olvafrans.classy.be\/wp-content\/uploads\/2020\/04\/divider-Je-suis-styl\u00e9-1-300x18.png 300w\" sizes=\"auto, (max-width: 650px) 100vw, 650px\" \/><\/figure>\n\n\n\n<hr class=\"wp-block-separator is-style-wide\"\/>\n\n\n\n<h2 class=\"wp-block-heading\">Le\u00e7on 18 et 19<\/h2>\n\n\n\n<ul class=\"wp-block-list\"><li>18 : sujets: voc de la t\u00e9l\u00e9 (Q) + une \u00e9mission de Lucas etc.<\/li><li>19 : poser sa candidature pour un programma \u00e0 la t\u00e9l\u00e9<\/li><\/ul>\n\n\n\n<p>Alle info voor deze les vind je <a href=\"https:\/\/olvafrans.classy.be\/?page_id=677\" target=\"_blank\" rel=\"noreferrer noopener\">hier<\/a>. <\/p>\n\n\n\n<figure class=\"wp-block-image size-large\"><img loading=\"lazy\" decoding=\"async\" width=\"650\" height=\"40\" src=\"https:\/\/olvafrans.classy.be\/wp-content\/uploads\/2020\/04\/divider-Je-suis-styl\u00e9-2.png\" alt=\"\" class=\"wp-image-68\" srcset=\"https:\/\/olvafrans.classy.be\/wp-content\/uploads\/2020\/04\/divider-Je-suis-styl\u00e9-2.png 650w, https:\/\/olvafrans.classy.be\/wp-content\/uploads\/2020\/04\/divider-Je-suis-styl\u00e9-2-300x18.png 300w\" sizes=\"auto, (max-width: 650px) 100vw, 650px\" \/><\/figure>\n\n\n\n<p><\/p>\n","protected":false},"excerpt":{"rendered":"<p>Cette semaine on parle de la t\u00e9l\u00e9. Le\u00e7on 18 et 19 18 : sujets: voc de la t\u00e9l\u00e9 (Q) + une \u00e9mission de Lucas etc. 19 : poser sa candidature pour un programma \u00e0 la t\u00e9l\u00e9 Alle info voor deze les vind je hier.<\/p>\n","protected":false},"author":1,"featured_media":0,"parent":0,"menu_order":0,"comment_status":"closed","ping_status":"closed","template":"","meta":{"footnotes":""},"class_list":["post-690","page","type-page","status-publish","hentry"],"_links":{"self":[{"href":"https:\/\/olvafrans.classy.be\/index.php?rest_route=\/wp\/v2\/pages\/690","targetHints":{"allow":["GET"]}}],"collection":[{"href":"https:\/\/olvafrans.classy.be\/index.php?rest_route=\/wp\/v2\/pages"}],"about":[{"href":"https:\/\/olvafrans.classy.be\/index.php?rest_route=\/wp\/v2\/types\/page"}],"author":[{"embeddable":true,"href":"https:\/\/olvafrans.classy.be\/index.php?rest_route=\/wp\/v2\/users\/1"}],"replies":[{"embeddable":true,"href":"https:\/\/olvafrans.classy.be\/index.php?rest_route=%2Fwp%2Fv2%2Fcomments&post=690"}],"version-history":[{"count":5,"href":"https:\/\/olvafrans.classy.be\/index.php?rest_route=\/wp\/v2\/pages\/690\/revisions"}],"predecessor-version":[{"id":754,"href":"https:\/\/olvafrans.classy.be\/index.php?rest_route=\/wp\/v2\/pages\/690\/revisions\/754"}],"wp:attachment":[{"href":"https:\/\/olvafrans.classy.be\/index.php?rest_route=%2Fwp%2Fv2%2Fmedia&parent=690"}],"curies":[{"name":"wp","href":"https:\/\/api.w.org\/{rel}","templated":true}]}}