{"id":677,"date":"2020-06-01T13:01:35","date_gmt":"2020-06-01T13:01:35","guid":{"rendered":"https:\/\/olvafrans.classy.be\/?page_id=677"},"modified":"2020-06-02T09:36:18","modified_gmt":"2020-06-02T09:36:18","slug":"lecon-n-18","status":"publish","type":"page","link":"https:\/\/olvafrans.classy.be\/?page_id=677","title":{"rendered":"Le\u00e7on n\u00b0 18 et 19"},"content":{"rendered":"\n<figure class=\"wp-block-image size-large\"><img loading=\"lazy\" decoding=\"async\" width=\"850\" height=\"150\" src=\"https:\/\/olvafrans.classy.be\/wp-content\/uploads\/2020\/04\/1.png\" alt=\"\" class=\"wp-image-92\" srcset=\"https:\/\/olvafrans.classy.be\/wp-content\/uploads\/2020\/04\/1.png 850w, https:\/\/olvafrans.classy.be\/wp-content\/uploads\/2020\/04\/1-300x53.png 300w, https:\/\/olvafrans.classy.be\/wp-content\/uploads\/2020\/04\/1-768x136.png 768w\" sizes=\"auto, (max-width: 706px) 89vw, (max-width: 767px) 82vw, 740px\" \/><\/figure>\n\n\n\n<h2 class=\"wp-block-heading\">Cette semaine on parle de <strong>la t\u00e9l\u00e9<\/strong> ( 2x 40 minutes )<\/h2>\n\n\n\n<figure class=\"wp-block-image size-large is-resized\"><img loading=\"lazy\" decoding=\"async\" src=\"https:\/\/p7.storage.canalblog.com\/74\/64\/1152615\/109986601_o.jpg\" alt=\"\" width=\"175\" height=\"185\"\/><\/figure>\n\n\n\n<hr class=\"wp-block-separator is-style-wide\"\/>\n\n\n\n<h2 class=\"wp-block-heading\">Vocabulaire de la t\u00e9l\u00e9 (25 minutes) <\/h2>\n\n\n\n<div class=\"wp-block-image\"><figure class=\"alignleft size-large is-resized\"><img loading=\"lazy\" decoding=\"async\" src=\"https:\/\/olvafrans.classy.be\/wp-content\/uploads\/2020\/05\/quizlet_original-1024x1024.png\" alt=\"\" class=\"wp-image-551\" width=\"179\" height=\"179\" srcset=\"https:\/\/olvafrans.classy.be\/wp-content\/uploads\/2020\/05\/quizlet_original.png 1024w, https:\/\/olvafrans.classy.be\/wp-content\/uploads\/2020\/05\/quizlet_original-300x300.png 300w, https:\/\/olvafrans.classy.be\/wp-content\/uploads\/2020\/05\/quizlet_original-150x150.png 150w, https:\/\/olvafrans.classy.be\/wp-content\/uploads\/2020\/05\/quizlet_original-768x768.png 768w, https:\/\/olvafrans.classy.be\/wp-content\/uploads\/2020\/05\/quizlet_original-100x100.png 100w\" sizes=\"auto, (max-width: 179px) 100vw, 179px\" \/><\/figure><\/div>\n\n\n\n<p>Apprends d&#8217;abord le vocabulaire sur Quizlet. <\/p>\n\n\n\n<p><\/p>\n\n\n\n<p>Tu retrouves le vocabulaire sur <a href=\"https:\/\/quizlet.com\/510533589\/flashcards\" target=\"_blank\" rel=\"noreferrer noopener\">Quizlet<\/a>. <span class=\"has-inline-color has-vivid-red-color\">C&#8217;est du vocabulaire <strong>\u00e0<\/strong> <strong>conna\u00eetre<\/strong>.<\/span><\/p>\n\n\n\n<p>Si tu veux avoir la liste de voc sur papier, tu peux aussi <a href=\"https:\/\/quizlet.com\/510533589\/print\" target=\"_blank\" rel=\"noreferrer noopener\">imprimer<\/a> (printen) la liste ici.<\/p>\n\n\n\n<p><\/p>\n\n\n\n<figure class=\"wp-block-image size-large is-resized is-style-default\"><img loading=\"lazy\" decoding=\"async\" src=\"https:\/\/olvafrans.classy.be\/wp-content\/uploads\/2020\/04\/divider-Je-suis-styl\u00e9-2.png\" alt=\"\" class=\"wp-image-68\" width=\"675\" height=\"41\" srcset=\"https:\/\/olvafrans.classy.be\/wp-content\/uploads\/2020\/04\/divider-Je-suis-styl\u00e9-2.png 650w, https:\/\/olvafrans.classy.be\/wp-content\/uploads\/2020\/04\/divider-Je-suis-styl\u00e9-2-300x18.png 300w\" sizes=\"auto, (max-width: 675px) 100vw, 675px\" \/><\/figure>\n\n\n\n<h2 class=\"wp-block-heading\">Lucas et co (30 minutes)<\/h2>\n\n\n\n<figure class=\"wp-block-image size-large is-resized\"><img loading=\"lazy\" decoding=\"async\" src=\"https:\/\/admin-blogs.lalibre.be\/app\/uploads\/sites\/2\/2018\/12\/Lucas-etc-saison-2-1080x675.jpg\" alt=\"\" width=\"382\" height=\"239\"\/><\/figure>\n\n\n\n<p>Lucas est un jeune adolescent de 12 ans, qui d\u00e9barque dans sa nouvelle famille\u2026 une famille recompos\u00e9e, o\u00f9 il va devoir se forger une place. Mais tout oppose Lucas, fils unique r\u00eaveur et impertinent, \u00e0 la famille Goossens dont les enfants ont int\u00e9gr\u00e9 les r\u00e8gles depuis bien longtemps\u2026<\/p>\n\n\n\n<p>Un jour, le p\u00e8re de Lucas veut participer \u00e0 <strong>un casting<\/strong> pour une publicit\u00e9. Ils commencent \u00e0 r\u00eaver (dromen).<\/p>\n\n\n\n<p><strong>Regarde<\/strong> cette \u00e9mision de Lucas etc.<\/p>\n\n\n\n<figure class=\"wp-block-embed-youtube wp-block-embed is-type-video is-provider-youtube wp-embed-aspect-16-9 wp-has-aspect-ratio\"><div class=\"wp-block-embed__wrapper\">\nhttps:\/\/youtu.be\/3VMJyHT6em8\n<\/div><figcaption>Le p\u00e8re de Lucas se voit d\u00e9j\u00e0 \u00e0 la t\u00e9l\u00e9.<\/figcaption><\/figure>\n\n\n\n<p>Si le lien ne marcherait pas, essaie <a rel=\"noreferrer noopener\" href=\"https:\/\/youtu.be\/3VMJyHT6em8\" target=\"_blank\">ici<\/a>.<\/p>\n\n\n\n<p><\/p>\n\n\n\n<figure class=\"wp-block-image size-large\"><img loading=\"lazy\" decoding=\"async\" width=\"850\" height=\"150\" src=\"https:\/\/olvafrans.classy.be\/wp-content\/uploads\/2020\/04\/Het-doel_-waar-gaat-dit-uiteindelijk-naartoe_-1.png\" alt=\"\" class=\"wp-image-209\" srcset=\"https:\/\/olvafrans.classy.be\/wp-content\/uploads\/2020\/04\/Het-doel_-waar-gaat-dit-uiteindelijk-naartoe_-1.png 850w, https:\/\/olvafrans.classy.be\/wp-content\/uploads\/2020\/04\/Het-doel_-waar-gaat-dit-uiteindelijk-naartoe_-1-300x53.png 300w, https:\/\/olvafrans.classy.be\/wp-content\/uploads\/2020\/04\/Het-doel_-waar-gaat-dit-uiteindelijk-naartoe_-1-768x136.png 768w\" sizes=\"auto, (max-width: 706px) 89vw, (max-width: 767px) 82vw, 740px\" \/><\/figure>\n\n\n\n<p><strong>Alleen voor de leerlingen van 2A (vrijblijvende opdracht)<\/strong> (leerlingen van 2E en 2F die dit willen maken, mogen uiteraard ook)<\/p>\n\n\n\n<p>Maak een korte samenvatting op basis van drie screenshots van de aflevering van Lucas etc. Gebruik daarvoor het sjabloon dat je als bijlage in een smartschoolbericht kreeg.<\/p>\n\n\n\n<p>Maak zelf drie screenshots, vervang de mijne en schrijf een tekstje dat inhoudelijk aansluit bij mijn voorbeeld.<\/p>\n\n\n\n<figure class=\"wp-block-image size-large is-resized\"><img loading=\"lazy\" decoding=\"async\" src=\"https:\/\/olvafrans.classy.be\/wp-content\/uploads\/2020\/04\/divider-Je-suis-styl\u00e9-2.png\" alt=\"\" class=\"wp-image-68\" width=\"676\" height=\"42\" srcset=\"https:\/\/olvafrans.classy.be\/wp-content\/uploads\/2020\/04\/divider-Je-suis-styl\u00e9-2.png 650w, https:\/\/olvafrans.classy.be\/wp-content\/uploads\/2020\/04\/divider-Je-suis-styl\u00e9-2-300x18.png 300w\" sizes=\"auto, (max-width: 676px) 100vw, 676px\" \/><\/figure>\n\n\n\n<p>Expeditie Robinson (en France: Koh-Lanta), de Mol, Temptation Island, Boer zoekt vrouw, Blokken&#8230; Wil je meedoen? Dan is het nu het moment om je kandidaat te stellen&#8230;<\/p>\n\n\n\n<figure class=\"wp-block-image size-large\"><img decoding=\"async\" src=\"https:\/\/upload.wikimedia.org\/wikipedia\/fr\/d\/d1\/Koh-Lanta_Logo_%28Saison_18_-_Fidji%29.jpg\" alt=\"\"\/><\/figure>\n\n\n\n<p><span class=\"has-inline-color has-vivid-cyan-blue-color\">S&#8217;il y a un programme auquel je voudrais participer, ce serait \u00e0 Koh-Lanta, ou <em>Expeditie Robinson<\/em> en n\u00e9erlandais. J&#8217;ai beaucoup aim\u00e9 la derni\u00e8re <span style=\"text-decoration: underline;\">saison<\/span>. Les <span style=\"text-decoration: underline;\">missions<\/span> \u00e9taient parfois fantastiques.  Apr\u00e8s chaque nouvelle saison mes fils disent: Allez papa, <span style=\"text-decoration: underline;\">inscris-toi<\/span>. <span style=\"text-decoration: underline;\">Pose ta candidature<\/span>! <\/span><\/p>\n\n\n\n<p><span class=\"has-inline-color has-vivid-cyan-blue-color\">Je ne pense pas vraiment <span style=\"text-decoration: underline;\">participer<\/span> un jour \u00e0 ce programme de <span style=\"text-decoration: underline;\">t\u00e9l\u00e9-r\u00e9alit\u00e9<\/span> sur <span style=\"text-decoration: underline;\">la cha\u00eene<\/span> VT4. Ce n&#8217;est pas vraiment  le programme id\u00e9al pour <span style=\"text-decoration: underline;\">se divertir<\/span>, n&#8217;est-ce pas? Ce serait peut-\u00eatre une <span style=\"text-decoration: underline;\">exp\u00e9rience <\/span>unique? C&#8217;est une aventure assez d\u00fbre, je ne sais pas si je resterai longtemps dans <span style=\"text-decoration: underline;\">le concours<\/span>. Combien d&#8217;<span style=\"text-decoration: underline;\">\u00e9mission<\/span>s est-ce que tu me donnes? \ud83d\ude42<\/span><\/p>\n\n\n\n<p>(als bovenstaande tekst moeilijk te begrijpen is, dan herhaal je best nog eens de woordenschat op Quizlet, want wat onderlijnd is, staat daar in)<\/p>\n\n\n\n<hr class=\"wp-block-separator is-style-wide\"\/>\n\n\n\n<p>Nous avons choisi cinq programmes pour lequel tu peux te poser candidat.<\/p>\n\n\n\n<ul class=\"wp-block-list\"><li>Temptation Island (de kindvriendelijke versie dan&#8230;)<\/li><li>De Mol<\/li><li>Expeditie Robinson<\/li><li>The Voice<\/li><li>Blokken of De slimste Mens (hoewel je daar niet k\u00e1n voor kandideren&#8230;)<\/li><\/ul>\n\n\n\n<figure class=\"wp-block-image size-large\"><img loading=\"lazy\" decoding=\"async\" width=\"1024\" height=\"592\" src=\"https:\/\/olvafrans.classy.be\/wp-content\/uploads\/2020\/06\/shaun-voice-1-1024x592.jpg\" alt=\"\" class=\"wp-image-748\" srcset=\"https:\/\/olvafrans.classy.be\/wp-content\/uploads\/2020\/06\/shaun-voice-1-1024x592.jpg 1024w, https:\/\/olvafrans.classy.be\/wp-content\/uploads\/2020\/06\/shaun-voice-1-300x173.jpg 300w, https:\/\/olvafrans.classy.be\/wp-content\/uploads\/2020\/06\/shaun-voice-1-768x444.jpg 768w, https:\/\/olvafrans.classy.be\/wp-content\/uploads\/2020\/06\/shaun-voice-1.jpg 1202w\" sizes=\"auto, (max-width: 706px) 89vw, (max-width: 767px) 82vw, 740px\" \/><\/figure>\n\n\n\n<figure class=\"wp-block-image size-large\"><img loading=\"lazy\" decoding=\"async\" width=\"850\" height=\"150\" src=\"https:\/\/olvafrans.classy.be\/wp-content\/uploads\/2020\/04\/Het-doel_-waar-gaat-dit-uiteindelijk-naartoe_-1.png\" alt=\"\" class=\"wp-image-209\" srcset=\"https:\/\/olvafrans.classy.be\/wp-content\/uploads\/2020\/04\/Het-doel_-waar-gaat-dit-uiteindelijk-naartoe_-1.png 850w, https:\/\/olvafrans.classy.be\/wp-content\/uploads\/2020\/04\/Het-doel_-waar-gaat-dit-uiteindelijk-naartoe_-1-300x53.png 300w, https:\/\/olvafrans.classy.be\/wp-content\/uploads\/2020\/04\/Het-doel_-waar-gaat-dit-uiteindelijk-naartoe_-1-768x136.png 768w\" sizes=\"auto, (max-width: 706px) 89vw, (max-width: 767px) 82vw, 740px\" \/><\/figure>\n\n\n\n<p>Taak voor <strong>alle <\/strong>leerlingen.<\/p>\n\n\n\n<p>Schrijf je kandidatuur voor een van bovenstaande programma&#8217;s. Daarin verwerk je elementen die typisch zijn voor het programma. <\/p>\n\n\n\n<figure class=\"wp-block-image size-large is-resized\"><img loading=\"lazy\" decoding=\"async\" src=\"https:\/\/olvafrans.classy.be\/wp-content\/uploads\/2020\/06\/kandidaten.jpg\" alt=\"\" class=\"wp-image-738\" width=\"302\" height=\"224\" srcset=\"https:\/\/olvafrans.classy.be\/wp-content\/uploads\/2020\/06\/kandidaten.jpg 763w, https:\/\/olvafrans.classy.be\/wp-content\/uploads\/2020\/06\/kandidaten-300x224.jpg 300w\" sizes=\"auto, (max-width: 302px) 100vw, 302px\" \/><\/figure>\n\n\n\n<p>Je hebt tijd tot zondagmiddag 12u.<\/p>\n\n\n\n<p>Elementen in je kandidatuur (gebruik dit als checklist)<\/p>\n\n\n\n<ul class=\"wp-block-list\"><li>geen specifiek aantal woorden, als onderstaande zaken erin verwerkt zitten, is het ok\u00e9.<\/li><li>een correcte aanspreking<\/li><li>een fotootje (mag gewoon figuurtje zijn of iemand anders)<\/li><li>je naam, leeftijd en woonplaats<\/li><li>je liefde voor het programma<\/li><li>twee redenen waarom je wil meedoen<\/li><li>twee redenen waarom ze voor jou moeten kiezen<\/li><li>(een creatief element om eruit te springen, ze krijgen duizenden brieven&#8230; val op!)<\/li><li>een correcte afsluiting<\/li><li>(probeer er een <em>comparatif <\/em>of <em>superlatif <\/em>in te verwerken en een <em>pronom personnel COD<\/em> of <em>COI<\/em>)<\/li><\/ul>\n\n\n\n<p>Denk aan de juiste werkwoordtijd: de meeste zaken uit het verleden in de <strong>pass\u00e9 compos\u00e9<\/strong>, de toekomst in de <strong>futur simple<\/strong>, maar als die toekomst niet zeker is of je wil gewoon erg beleefd zijn, gebruik dan de <strong>Conditionnel pr\u00e9sent<\/strong>. <\/p>\n\n\n\n<figure class=\"wp-block-image size-large is-resized\"><img loading=\"lazy\" decoding=\"async\" src=\"https:\/\/olvafrans.classy.be\/wp-content\/uploads\/2020\/06\/wondering.jpg\" alt=\"\" class=\"wp-image-744\" width=\"315\" height=\"138\" srcset=\"https:\/\/olvafrans.classy.be\/wp-content\/uploads\/2020\/06\/wondering.jpg 714w, https:\/\/olvafrans.classy.be\/wp-content\/uploads\/2020\/06\/wondering-300x132.jpg 300w\" sizes=\"auto, (max-width: 315px) 100vw, 315px\" \/><\/figure>\n\n\n\n<p>(en voor wie zich afvraagt waarom alleen de Conditionnel met een hoofdletter geschreven is, dat klopt, want dat is een wijs. De andere twee zijn tijden van de wijs Indicatif.)<\/p>\n\n\n\n<hr class=\"wp-block-separator is-style-wide\"\/>\n\n\n\n<figure class=\"wp-block-image size-large is-resized\"><img loading=\"lazy\" decoding=\"async\" src=\"https:\/\/olvafrans.classy.be\/wp-content\/uploads\/2020\/04\/fatigu\u00e9.png\" alt=\"\" class=\"wp-image-106\" width=\"359\" height=\"300\" srcset=\"https:\/\/olvafrans.classy.be\/wp-content\/uploads\/2020\/04\/fatigu\u00e9.png 666w, https:\/\/olvafrans.classy.be\/wp-content\/uploads\/2020\/04\/fatigu\u00e9-300x250.png 300w\" sizes=\"auto, (max-width: 359px) 100vw, 359px\" \/><\/figure>\n","protected":false},"excerpt":{"rendered":"<p>Cette semaine on parle de la t\u00e9l\u00e9 ( 2x 40 minutes ) Vocabulaire de la t\u00e9l\u00e9 (25 minutes) Apprends d&#8217;abord le vocabulaire sur Quizlet. Tu retrouves le vocabulaire sur Quizlet. C&#8217;est du vocabulaire \u00e0 conna\u00eetre. Si tu veux avoir la liste de voc sur papier, tu peux aussi imprimer (printen) la liste ici. Lucas et &hellip; <\/p>\n<p class=\"link-more\"><a href=\"https:\/\/olvafrans.classy.be\/?page_id=677\" class=\"more-link\">Lees verder <span class=\"screen-reader-text\">&#8220;Le\u00e7on n\u00b0 18 et 19&#8221;<\/span><\/a><\/p>\n","protected":false},"author":1,"featured_media":0,"parent":0,"menu_order":0,"comment_status":"closed","ping_status":"closed","template":"","meta":{"footnotes":""},"class_list":["post-677","page","type-page","status-publish","hentry"],"_links":{"self":[{"href":"https:\/\/olvafrans.classy.be\/index.php?rest_route=\/wp\/v2\/pages\/677","targetHints":{"allow":["GET"]}}],"collection":[{"href":"https:\/\/olvafrans.classy.be\/index.php?rest_route=\/wp\/v2\/pages"}],"about":[{"href":"https:\/\/olvafrans.classy.be\/index.php?rest_route=\/wp\/v2\/types\/page"}],"author":[{"embeddable":true,"href":"https:\/\/olvafrans.classy.be\/index.php?rest_route=\/wp\/v2\/users\/1"}],"replies":[{"embeddable":true,"href":"https:\/\/olvafrans.classy.be\/index.php?rest_route=%2Fwp%2Fv2%2Fcomments&post=677"}],"version-history":[{"count":47,"href":"https:\/\/olvafrans.classy.be\/index.php?rest_route=\/wp\/v2\/pages\/677\/revisions"}],"predecessor-version":[{"id":753,"href":"https:\/\/olvafrans.classy.be\/index.php?rest_route=\/wp\/v2\/pages\/677\/revisions\/753"}],"wp:attachment":[{"href":"https:\/\/olvafrans.classy.be\/index.php?rest_route=%2Fwp%2Fv2%2Fmedia&parent=677"}],"curies":[{"name":"wp","href":"https:\/\/api.w.org\/{rel}","templated":true}]}}