{"id":642,"date":"2020-05-25T06:59:24","date_gmt":"2020-05-25T06:59:24","guid":{"rendered":"https:\/\/olvafrans.classy.be\/?page_id=642"},"modified":"2020-05-27T13:31:21","modified_gmt":"2020-05-27T13:31:21","slug":"lecon-n-17","status":"publish","type":"page","link":"https:\/\/olvafrans.classy.be\/?page_id=642","title":{"rendered":"Le\u00e7on n\u00b0 17"},"content":{"rendered":"\n<figure class=\"wp-block-image size-large\"><img loading=\"lazy\" decoding=\"async\" width=\"850\" height=\"150\" src=\"https:\/\/olvafrans.classy.be\/wp-content\/uploads\/2020\/04\/1.png\" alt=\"\" class=\"wp-image-92\" srcset=\"https:\/\/olvafrans.classy.be\/wp-content\/uploads\/2020\/04\/1.png 850w, https:\/\/olvafrans.classy.be\/wp-content\/uploads\/2020\/04\/1-300x53.png 300w, https:\/\/olvafrans.classy.be\/wp-content\/uploads\/2020\/04\/1-768x136.png 768w\" sizes=\"auto, (max-width: 706px) 89vw, (max-width: 767px) 82vw, 740px\" \/><\/figure>\n\n\n\n<h2 class=\"wp-block-heading\">Cette semaine on parle de <strong><span style=\"text-decoration: underline;\">MUSIQUE<\/span><\/strong> (50 minutes)<\/h2>\n\n\n\n<hr class=\"wp-block-separator is-style-wide\"\/>\n\n\n\n<h2 class=\"wp-block-heading\">Vocabulaire de la musique (10 minutes) <\/h2>\n\n\n\n<div class=\"wp-block-image\"><figure class=\"alignleft size-large is-resized\"><img loading=\"lazy\" decoding=\"async\" src=\"https:\/\/olvafrans.classy.be\/wp-content\/uploads\/2020\/05\/quizlet_original-1024x1024.png\" alt=\"\" class=\"wp-image-551\" width=\"179\" height=\"179\" srcset=\"https:\/\/olvafrans.classy.be\/wp-content\/uploads\/2020\/05\/quizlet_original.png 1024w, https:\/\/olvafrans.classy.be\/wp-content\/uploads\/2020\/05\/quizlet_original-300x300.png 300w, https:\/\/olvafrans.classy.be\/wp-content\/uploads\/2020\/05\/quizlet_original-150x150.png 150w, https:\/\/olvafrans.classy.be\/wp-content\/uploads\/2020\/05\/quizlet_original-768x768.png 768w, https:\/\/olvafrans.classy.be\/wp-content\/uploads\/2020\/05\/quizlet_original-100x100.png 100w\" sizes=\"auto, (max-width: 179px) 100vw, 179px\" \/><\/figure><\/div>\n\n\n\n<p>Reprends d&#8217;abord le vocabulaire sur Quizlet. <\/p>\n\n\n\n<p><\/p>\n\n\n\n<p>Tu retrouves le vocabulaire sur <a rel=\"noreferrer noopener\" href=\"https:\/\/quizlet.com\/142494830\/flashcards\" target=\"_blank\">Quizlet<\/a>. <span class=\"has-inline-color has-vivid-red-color\">C&#8217;est du vocabulaire <strong>\u00e0<\/strong> <strong>conna\u00eetre<\/strong>.<\/span><\/p>\n\n\n\n<p>Si tu veux avoir la liste de voc sur papier, tu peux aussi retrouver la liste ici.<\/p>\n\n\n\n<div class=\"wp-block-file\"><a href=\"https:\/\/olvafrans.classy.be\/wp-content\/uploads\/2020\/05\/L15-quizlet-Musique.pdf\">L15-quizlet-Musique<\/a><a href=\"https:\/\/olvafrans.classy.be\/wp-content\/uploads\/2020\/05\/L15-quizlet-Musique.pdf\" class=\"wp-block-file__button\" download>Download<\/a><\/div>\n\n\n\n<p><\/p>\n\n\n\n<figure class=\"wp-block-image size-large is-resized is-style-default\"><img loading=\"lazy\" decoding=\"async\" src=\"https:\/\/olvafrans.classy.be\/wp-content\/uploads\/2020\/04\/divider-Je-suis-styl\u00e9-2.png\" alt=\"\" class=\"wp-image-68\" width=\"675\" height=\"41\" srcset=\"https:\/\/olvafrans.classy.be\/wp-content\/uploads\/2020\/04\/divider-Je-suis-styl\u00e9-2.png 650w, https:\/\/olvafrans.classy.be\/wp-content\/uploads\/2020\/04\/divider-Je-suis-styl\u00e9-2-300x18.png 300w\" sizes=\"auto, (max-width: 675px) 100vw, 675px\" \/><\/figure>\n\n\n\n<h2 class=\"wp-block-heading\">La musique fran\u00e7aise (40 minutes)<\/h2>\n\n\n\n<figure class=\"wp-block-image size-large\"><img loading=\"lazy\" decoding=\"async\" width=\"850\" height=\"150\" src=\"https:\/\/olvafrans.classy.be\/wp-content\/uploads\/2020\/04\/2.png\" alt=\"\" class=\"wp-image-101\" srcset=\"https:\/\/olvafrans.classy.be\/wp-content\/uploads\/2020\/04\/2.png 850w, https:\/\/olvafrans.classy.be\/wp-content\/uploads\/2020\/04\/2-300x53.png 300w, https:\/\/olvafrans.classy.be\/wp-content\/uploads\/2020\/04\/2-768x136.png 768w\" sizes=\"auto, (max-width: 706px) 89vw, (max-width: 767px) 82vw, 740px\" \/><\/figure>\n\n\n\n<p>Voor deze opdracht maak je eerst een keuze. Of je gaat voor de wat modernere muziek met rap and beats, of je verlaat het pad dat de meesten zullen nemen en je ontdekt wat oudere parels van de Franse muziek. <\/p>\n\n\n\n<p>Op <a href=\"https:\/\/www.senscritique.com\/top\/resultats\/Les_plus_belles_chansons_francaises\/464392\">deze site<\/a> vind je een top 100 van Franse nummers. Daar vind je niet meteen de moderne, vaak door jullie gekende nummers in terug. Wie deze lijst een kans geeft, maar geen zin heeft om naar een speld in een hooiberg te zoeken, raad ik volgende nummers aan: 25, 62, 65, 75, 85, 99. Je zal ze wel even moeten zoeken op YT of Spotify.<\/p>\n\n\n\n<p>Of je gaat voor de <a rel=\"noreferrer noopener\" href=\"https:\/\/youtu.be\/MaoHktklWM8\" target=\"_blank\">top 100 meest beluisterde Franse nummers<\/a> van maart 2020. <\/p>\n\n\n\n<hr class=\"wp-block-separator is-style-wide\"\/>\n\n\n\n<p>Zelf heb ik drie nummers gekozen uit de eerste lijst die ik kort bespreek. Ik verwacht dat je dat ook doet voor de drie nummers die je zelf mooi vindt. <\/p>\n\n\n\n<p>Luistertip: leg je op je bed, draag en koptelefoon en luister de liedjes uit. Doe de gordijnen dicht en leef je in in het verhaal.<\/p>\n\n\n\n<p>Mik op ongeveer <strong>25 woorden per liedje<\/strong>.<\/p>\n\n\n\n<figure class=\"wp-block-image size-large\"><img decoding=\"async\" src=\"https:\/\/radio2.be\/sites\/default\/files\/styles\/1200x630\/public\/2018-10\/R2%20Keek%20op%20de%20week%201%20%2816%29.jpg?itok=2kFR2kWX\" alt=\"\"\/><\/figure>\n\n\n\n<p>(1) <strong>Ne me quitte pas (Jaques Brel)<\/strong>: (<a rel=\"noreferrer noopener\" href=\"6IRA4KOVbtiGiTdYoEThJN\" target=\"_blank\">Spotify<\/a> \/ <a rel=\"noreferrer noopener\" href=\"https:\/\/youtu.be\/oR_SZR_tmxM\" target=\"_blank\">Youtube<\/a>) L&#8217;ultime chanson d&#8217;amour est d&#8217;une tristesse absolue. Ecouter cette chanson permet de comprendre ce que c&#8217;est, le chagrin d&#8217;amour, mais aussi l&#8217;espoir. (liefdesverdriet en hoop). J&#8217;adore la musique de Brel, qui \u00e9tait Belge. Je donnerai une fortune pour pouvoir assister \u00e0 un concert de Brel, mais il est mort de cancer de poumon (longkanker). Si tu veux me rendre triste, c&#8217;est avec cette chanson que je le serai.<\/p>\n\n\n\n<figure class=\"wp-block-image size-large\"><img decoding=\"async\" src=\"https:\/\/img.lemde.fr\/2017\/11\/08\/0\/0\/5616\/3744\/688\/0\/60\/0\/e5d59c7_4848-49r6zv.heyh8pk3xr.jpg\" alt=\"\"\/><\/figure>\n\n\n\n<p>(62) <strong>Les copains d&#8217;abord (Georges Brassens):<\/strong>  (<a href=\"2tsW3Lr6LatRZz7Bbe3CBK\" target=\"_blank\" rel=\"noreferrer noopener\">\u00e9coute sur Spotify<\/a>) La musique de Brassens est simple, sans trop de fantaisies. Ces chansons sont de vraies histoires et cette chanson en particuler est si sympathique que les nuages partent et le soleil brille quand je l&#8217;\u00e9coute. Si je dois mettre une chanson fran\u00e7aise que tout le monde peut aimer, c&#8217;est cette chanson.<\/p>\n\n\n\n<figure class=\"wp-block-image size-large\"><img decoding=\"async\" src=\"https:\/\/static.standaard.be\/Assets\/Images_Upload\/2018\/10\/09\/7e13d5ea-c738-11e8-b68d-b78cb5dbd846_web_scale_0.5645161_0.5645161__.jpg?maxheight=416&amp;maxwidth=568&amp;scale=both\" alt=\"\"\/><\/figure>\n\n\n\n<p>(13) <strong>Chanson des vieux amants (Jaques Brel):<\/strong> (<a href=\"spotify:track:2nn7R5ESQhN5MhWcrHFjLi\">\u00e9coute sur Spotify<\/a> ou sur <a href=\"https:\/\/youtu.be\/dU-OD5_Dxrs\" target=\"_blank\" rel=\"noreferrer noopener\">Youtube<\/a>) Tu peux le voir, j&#8217;aime bien Brel. Cette chanson d\u00e9crit parfaitement comment deux personnes qui ont toujours \u00e9t\u00e9 ensemble (mari\u00e9es) vivent ensemble, mais apart aussi. Il s&#8217;aiment, mais ce n&#8217;est plus un cadeau. La vie leur a appris qu&#8217;il y plus que \u00e7a. Quand il chante <\/p>\n\n\n\n<blockquote class=\"wp-block-quote is-layout-flow wp-block-quote-is-layout-flow\"><p>Mais mon amour<br>Mon doux, mon tendre, mon merveilleux amour<br>De l&#8217;aube claire jusqu&#8217;\u00e0 la fin du jour<br>Je t&#8217;aime encore, tu sais, je t&#8217;aime<\/p><cite>refrain de Chanson des vieux amants, Brel<\/cite><\/blockquote>\n\n\n\n<p>En quelques mots: fantastique, chair de poule (kippevel) !!<\/p>\n\n\n\n<figure class=\"wp-block-image size-large\"><img loading=\"lazy\" decoding=\"async\" width=\"650\" height=\"40\" src=\"https:\/\/olvafrans.classy.be\/wp-content\/uploads\/2020\/04\/divider-Je-suis-styl\u00e9-2.png\" alt=\"\" class=\"wp-image-68\" srcset=\"https:\/\/olvafrans.classy.be\/wp-content\/uploads\/2020\/04\/divider-Je-suis-styl\u00e9-2.png 650w, https:\/\/olvafrans.classy.be\/wp-content\/uploads\/2020\/04\/divider-Je-suis-styl\u00e9-2-300x18.png 300w\" sizes=\"auto, (max-width: 650px) 100vw, 650px\" \/><\/figure>\n\n\n\n<p>La semaine prochaine, on parle de la t\u00e9l\u00e9!!<\/p>\n\n\n\n<figure class=\"wp-block-image size-large\"><img loading=\"lazy\" decoding=\"async\" width=\"498\" height=\"276\" src=\"https:\/\/olvafrans.classy.be\/wp-content\/uploads\/2020\/05\/tenor_gif_thumbnail.jpeg\" alt=\"\" class=\"wp-image-365\"\/><\/figure>\n\n\n\n\n\n<p><\/p>\n","protected":false},"excerpt":{"rendered":"<p>Cette semaine on parle de MUSIQUE (50 minutes) Vocabulaire de la musique (10 minutes) Reprends d&#8217;abord le vocabulaire sur Quizlet. Tu retrouves le vocabulaire sur Quizlet. C&#8217;est du vocabulaire \u00e0 conna\u00eetre. Si tu veux avoir la liste de voc sur papier, tu peux aussi retrouver la liste ici. La musique fran\u00e7aise (40 minutes) Voor deze &hellip; <\/p>\n<p class=\"link-more\"><a href=\"https:\/\/olvafrans.classy.be\/?page_id=642\" class=\"more-link\">Lees verder <span class=\"screen-reader-text\">&#8220;Le\u00e7on n\u00b0 17&#8221;<\/span><\/a><\/p>\n","protected":false},"author":1,"featured_media":0,"parent":0,"menu_order":0,"comment_status":"closed","ping_status":"closed","template":"","meta":{"footnotes":""},"class_list":["post-642","page","type-page","status-publish","hentry"],"_links":{"self":[{"href":"https:\/\/olvafrans.classy.be\/index.php?rest_route=\/wp\/v2\/pages\/642","targetHints":{"allow":["GET"]}}],"collection":[{"href":"https:\/\/olvafrans.classy.be\/index.php?rest_route=\/wp\/v2\/pages"}],"about":[{"href":"https:\/\/olvafrans.classy.be\/index.php?rest_route=\/wp\/v2\/types\/page"}],"author":[{"embeddable":true,"href":"https:\/\/olvafrans.classy.be\/index.php?rest_route=\/wp\/v2\/users\/1"}],"replies":[{"embeddable":true,"href":"https:\/\/olvafrans.classy.be\/index.php?rest_route=%2Fwp%2Fv2%2Fcomments&post=642"}],"version-history":[{"count":16,"href":"https:\/\/olvafrans.classy.be\/index.php?rest_route=\/wp\/v2\/pages\/642\/revisions"}],"predecessor-version":[{"id":675,"href":"https:\/\/olvafrans.classy.be\/index.php?rest_route=\/wp\/v2\/pages\/642\/revisions\/675"}],"wp:attachment":[{"href":"https:\/\/olvafrans.classy.be\/index.php?rest_route=%2Fwp%2Fv2%2Fmedia&parent=642"}],"curies":[{"name":"wp","href":"https:\/\/api.w.org\/{rel}","templated":true}]}}