{"id":610,"date":"2020-05-23T08:21:56","date_gmt":"2020-05-23T08:21:56","guid":{"rendered":"https:\/\/olvafrans.classy.be\/?page_id=610"},"modified":"2020-05-27T11:27:35","modified_gmt":"2020-05-27T11:27:35","slug":"lecon-n-16","status":"publish","type":"page","link":"https:\/\/olvafrans.classy.be\/?page_id=610","title":{"rendered":"Le\u00e7on n\u00b0 16"},"content":{"rendered":"\n<figure class=\"wp-block-image size-large\"><img loading=\"lazy\" decoding=\"async\" width=\"850\" height=\"150\" src=\"https:\/\/olvafrans.classy.be\/wp-content\/uploads\/2020\/04\/1.png\" alt=\"\" class=\"wp-image-92\" srcset=\"https:\/\/olvafrans.classy.be\/wp-content\/uploads\/2020\/04\/1.png 850w, https:\/\/olvafrans.classy.be\/wp-content\/uploads\/2020\/04\/1-300x53.png 300w, https:\/\/olvafrans.classy.be\/wp-content\/uploads\/2020\/04\/1-768x136.png 768w\" sizes=\"auto, (max-width: 706px) 89vw, (max-width: 767px) 82vw, 740px\" \/><\/figure>\n\n\n\n<h2 class=\"wp-block-heading\">Cette semaine on parle de <strong><span style=\"text-decoration: underline;\">MUSIQUE<\/span><\/strong> (50 minutes)<\/h2>\n\n\n\n<hr class=\"wp-block-separator is-style-wide\"\/>\n\n\n\n<p>Aujourd&#8217;hui il faut tout simplement regarder quelques clips vid\u00e9o. <strong>Regarde <\/strong>au moins trois clips.<\/p>\n\n\n\n<p>Voici une petite s\u00e9lection de clips vid\u00e9o un peu sp\u00e9ciales et cr\u00e9atives. Si ce n&#8217;est pas ton style de vid\u00e9o, c&#8217;est peut \u00eatre ton style de musique?<\/p>\n\n\n\n<ul class=\"wp-block-list\"><li>R\u00eaves bizarres: <a rel=\"noreferrer noopener\" href=\"https:\/\/youtu.be\/iXzBdNjpYw0\" target=\"_blank\">https:\/\/youtu.be\/iXzBdNjpYw0<\/a><\/li><li>Ca ira: <a rel=\"noreferrer noopener\" href=\"https:\/\/youtu.be\/TxWLybPwBzs\" target=\"_blank\">https:\/\/youtu.be\/TxWLybPwBzs<\/a><\/li><li>Les mains froides: <a rel=\"noreferrer noopener\" href=\"https:\/\/youtu.be\/FwaVegAzT84\" target=\"_blank\">https:\/\/youtu.be\/FwaVegAzT84<\/a><\/li><li>Rentrez chez vous: <a rel=\"noreferrer noopener\" href=\"https:\/\/youtu.be\/gm328Z0JKjA\" target=\"_blank\">https:\/\/youtu.be\/gm328Z0JKjA<\/a><\/li><li>G\u00e9opolitique: <a rel=\"noreferrer noopener\" href=\"https:\/\/youtu.be\/kTnF70roytg\" target=\"_blank\">https:\/\/youtu.be\/kTnF70roytg (mon clip pr\u00e9f\u00e9r\u00e9)<\/a><\/li><li>Djadja: <a rel=\"noreferrer noopener\" target=\"_blank\" href=\"https:\/\/youtu.be\/iPGgnzc34tY\">https:\/\/youtu.be\/iPGgnzc34tY<\/a><\/li><li>Le caf\u00e9: <a rel=\"noreferrer noopener\" href=\"https:\/\/youtu.be\/UGtKGX8B9hU\" target=\"_blank\">https:\/\/youtu.be\/UGtKGX8B9hU<\/a><\/li><li>Le vent nous portera: <a rel=\"noreferrer noopener\" href=\"https:\/\/youtu.be\/NrgcRvBJYBE\" target=\"_blank\">https:\/\/youtu.be\/NrgcRvBJYBE<\/a><\/li><li>War dance: <a rel=\"noreferrer noopener\" target=\"_blank\" href=\"https:\/\/youtu.be\/iU1ZFLKnlMk\">https:\/\/youtu.be\/iU1ZFLKnlMk<\/a><\/li><li>Mirapolis: <a rel=\"noreferrer noopener\" target=\"_blank\" href=\"https:\/\/youtu.be\/PH-7tMK7uew\">https:\/\/youtu.be\/PH-7tMK7uew<\/a><\/li><li>Les bruits de la ville: <a rel=\"noreferrer noopener\" target=\"_blank\" href=\"https:\/\/youtu.be\/ln79pkyvEf4\">https:\/\/youtu.be\/ln79pkyvEf4<\/a><\/li><li>Comme ce rouge me pla\u00eet: <a rel=\"noreferrer noopener\" target=\"_blank\" href=\"https:\/\/youtu.be\/GW-tEjgA2pU\">https:\/\/youtu.be\/GW-tEjgA2pU<\/a><\/li><li>Ta douleur: <a rel=\"noreferrer noopener\" href=\"https:\/\/youtu.be\/OPGNWFQy_gg\" target=\"_blank\">https:\/\/youtu.be\/OPGNWFQy_gg<\/a><\/li><li>Oui ou non: <a rel=\"noreferrer noopener\" target=\"_blank\" href=\"https:\/\/youtu.be\/XqAiGeEzctQ\">https:\/\/youtu.be\/XqAiGeEzctQ<\/a><\/li><li>Mauvaise foi nocturne: h<a rel=\"noreferrer noopener\" href=\"\/\/youtu.be\/x-biTuOrYkk\" target=\"_blank\">ttps:\/\/youtu.be\/x-biTuOrYkk<\/a><\/li><li>Soleil: <a rel=\"noreferrer noopener\" target=\"_blank\" href=\"https:\/\/youtu.be\/JmIPRfMhzlM\">https:\/\/youtu.be\/JmIPRfMhzlM<\/a><\/li><\/ul>\n\n\n\n<p>Est-ce qu&#8217;il y a un clip que tu aimes beaucoup? <strong>Partage<\/strong>-le. <strong>Dis<\/strong>-moi.<\/p>\n\n\n\n<p>(Vond je en bepaalde clip mooi, aangrijpend, speciaal, tof&#8230; of als je zelf een mooie videoclip vond van een Frans liedje, bespreek of deel ze gerust met mij. Dat kan via een bericht via Smartschool )<\/p>\n","protected":false},"excerpt":{"rendered":"<p>Cette semaine on parle de MUSIQUE (50 minutes) Aujourd&#8217;hui il faut tout simplement regarder quelques clips vid\u00e9o. Regarde au moins trois clips. Voici une petite s\u00e9lection de clips vid\u00e9o un peu sp\u00e9ciales et cr\u00e9atives. Si ce n&#8217;est pas ton style de vid\u00e9o, c&#8217;est peut \u00eatre ton style de musique? R\u00eaves bizarres: https:\/\/youtu.be\/iXzBdNjpYw0 Ca ira: https:\/\/youtu.be\/TxWLybPwBzs &hellip; <\/p>\n<p class=\"link-more\"><a href=\"https:\/\/olvafrans.classy.be\/?page_id=610\" class=\"more-link\">Lees verder <span class=\"screen-reader-text\">&#8220;Le\u00e7on n\u00b0 16&#8221;<\/span><\/a><\/p>\n","protected":false},"author":1,"featured_media":0,"parent":0,"menu_order":0,"comment_status":"closed","ping_status":"closed","template":"","meta":{"footnotes":""},"class_list":["post-610","page","type-page","status-publish","hentry"],"_links":{"self":[{"href":"https:\/\/olvafrans.classy.be\/index.php?rest_route=\/wp\/v2\/pages\/610","targetHints":{"allow":["GET"]}}],"collection":[{"href":"https:\/\/olvafrans.classy.be\/index.php?rest_route=\/wp\/v2\/pages"}],"about":[{"href":"https:\/\/olvafrans.classy.be\/index.php?rest_route=\/wp\/v2\/types\/page"}],"author":[{"embeddable":true,"href":"https:\/\/olvafrans.classy.be\/index.php?rest_route=\/wp\/v2\/users\/1"}],"replies":[{"embeddable":true,"href":"https:\/\/olvafrans.classy.be\/index.php?rest_route=%2Fwp%2Fv2%2Fcomments&post=610"}],"version-history":[{"count":17,"href":"https:\/\/olvafrans.classy.be\/index.php?rest_route=\/wp\/v2\/pages\/610\/revisions"}],"predecessor-version":[{"id":676,"href":"https:\/\/olvafrans.classy.be\/index.php?rest_route=\/wp\/v2\/pages\/610\/revisions\/676"}],"wp:attachment":[{"href":"https:\/\/olvafrans.classy.be\/index.php?rest_route=%2Fwp%2Fv2%2Fmedia&parent=610"}],"curies":[{"name":"wp","href":"https:\/\/api.w.org\/{rel}","templated":true}]}}