{"id":591,"date":"2020-05-22T18:32:42","date_gmt":"2020-05-22T18:32:42","guid":{"rendered":"https:\/\/olvafrans.classy.be\/?page_id=591"},"modified":"2020-05-22T18:48:49","modified_gmt":"2020-05-22T18:48:49","slug":"lecon-n-14-2","status":"publish","type":"page","link":"https:\/\/olvafrans.classy.be\/?page_id=591","title":{"rendered":"Le\u00e7on n\u00b0 14"},"content":{"rendered":"\n<figure class=\"wp-block-image size-large\"><img loading=\"lazy\" decoding=\"async\" width=\"850\" height=\"150\" src=\"https:\/\/olvafrans.classy.be\/wp-content\/uploads\/2020\/04\/1.png\" alt=\"\" class=\"wp-image-92\" srcset=\"https:\/\/olvafrans.classy.be\/wp-content\/uploads\/2020\/04\/1.png 850w, https:\/\/olvafrans.classy.be\/wp-content\/uploads\/2020\/04\/1-300x53.png 300w, https:\/\/olvafrans.classy.be\/wp-content\/uploads\/2020\/04\/1-768x136.png 768w\" sizes=\"auto, (max-width: 706px) 89vw, (max-width: 767px) 82vw, 740px\" \/><\/figure>\n\n\n\n<h2 class=\"wp-block-heading\">Cette semaine on regarde l&#8217;<strong>actualit\u00e9<\/strong><\/h2>\n\n\n\n<hr class=\"wp-block-separator is-style-wide\"\/>\n\n\n\n<h2 class=\"wp-block-heading\">Vocabualire de l&#8217;<strong>actualit\u00e9<\/strong> (10 minutes) <\/h2>\n\n\n\n<div class=\"wp-block-image\"><figure class=\"alignleft size-large is-resized\"><img loading=\"lazy\" decoding=\"async\" src=\"https:\/\/olvafrans.classy.be\/wp-content\/uploads\/2020\/04\/Telecommuting-rafiki-1024x1024.png\" alt=\"\" class=\"wp-image-6\" width=\"202\" height=\"202\"\/><\/figure><\/div>\n\n\n\n<p>Reprends d&#8217;abord le vocabulaire. Tu retrouves le vocabulaire sur <a rel=\"noreferrer noopener\" href=\"https:\/\/quizlet.com\/142494830\/flashcards\" target=\"_blank\">Quizlet<\/a>. <span class=\"has-inline-color has-vivid-red-color\">C&#8217;est du vocabulaire <strong>\u00e0<\/strong> <strong>conna\u00eetre<\/strong>.<\/span><\/p>\n\n\n\n<p>Si tu veux avoir la liste de voc sur papier, il faut cliquer sur &#8216;afdrukken&#8217;, et puis tu t\u00e9l\u00e9charges le document. Regarde l&#8217;image. <\/p>\n\n\n\n<figure class=\"wp-block-image size-large is-resized\"><img loading=\"lazy\" decoding=\"async\" src=\"https:\/\/olvafrans.classy.be\/wp-content\/uploads\/2020\/05\/2020-05-17_22-32-04-1024x588.jpg\" alt=\"\" class=\"wp-image-523\" width=\"679\" height=\"390\" srcset=\"https:\/\/olvafrans.classy.be\/wp-content\/uploads\/2020\/05\/2020-05-17_22-32-04-1024x588.jpg 1024w, https:\/\/olvafrans.classy.be\/wp-content\/uploads\/2020\/05\/2020-05-17_22-32-04-300x172.jpg 300w, https:\/\/olvafrans.classy.be\/wp-content\/uploads\/2020\/05\/2020-05-17_22-32-04-768x441.jpg 768w, https:\/\/olvafrans.classy.be\/wp-content\/uploads\/2020\/05\/2020-05-17_22-32-04.jpg 1340w\" sizes=\"auto, (max-width: 679px) 100vw, 679px\" \/><\/figure>\n\n\n\n<p>Tu peux aussi retrouver la liste ici.<\/p>\n\n\n\n<div class=\"wp-block-file\"><a href=\"https:\/\/olvafrans.classy.be\/wp-content\/uploads\/2020\/05\/quizlet-L13-Flash-actualit\u00e9.pdf\">quizlet-L13-Flash-actualit\u00e9<\/a><a href=\"https:\/\/olvafrans.classy.be\/wp-content\/uploads\/2020\/05\/quizlet-L13-Flash-actualit\u00e9.pdf\" class=\"wp-block-file__button\" download>Download<\/a><\/div>\n\n\n\n<figure class=\"wp-block-image size-large is-resized is-style-default\"><img loading=\"lazy\" decoding=\"async\" src=\"https:\/\/olvafrans.classy.be\/wp-content\/uploads\/2020\/04\/divider-Je-suis-styl\u00e9-2.png\" alt=\"\" class=\"wp-image-68\" width=\"675\" height=\"41\" srcset=\"https:\/\/olvafrans.classy.be\/wp-content\/uploads\/2020\/04\/divider-Je-suis-styl\u00e9-2.png 650w, https:\/\/olvafrans.classy.be\/wp-content\/uploads\/2020\/04\/divider-Je-suis-styl\u00e9-2-300x18.png 300w\" sizes=\"auto, (max-width: 675px) 100vw, 675px\" \/><\/figure>\n\n\n\n<h2 class=\"wp-block-heading\">L&#8217;actualit\u00e9 (35 minutes)<\/h2>\n\n\n\n<p>Op de site van Le Soir of La Derni\u00e8re heure ga je zelf op zoek naar een artikel dat je interesseert.<\/p>\n\n\n\n<p>Eerst dit:<\/p>\n\n\n\n<div class=\"h5p-content\" data-content-id=\"9\"><\/div>\n\n\n\n<figure class=\"wp-block-image size-large is-resized\"><img loading=\"lazy\" decoding=\"async\" src=\"https:\/\/olvafrans.classy.be\/wp-content\/uploads\/2020\/04\/divider-Je-suis-styl\u00e9-2.png\" alt=\"\" class=\"wp-image-68\" width=\"674\" height=\"41\" srcset=\"https:\/\/olvafrans.classy.be\/wp-content\/uploads\/2020\/04\/divider-Je-suis-styl\u00e9-2.png 650w, https:\/\/olvafrans.classy.be\/wp-content\/uploads\/2020\/04\/divider-Je-suis-styl\u00e9-2-300x18.png 300w\" sizes=\"auto, (max-width: 674px) 100vw, 674px\" \/><\/figure>\n\n\n\n<p>Bekijk eerst onderstaande afbeelding, zo begrijp je meteen de opdracht.<\/p>\n\n\n\n<figure class=\"wp-block-image size-large is-resized\"><img loading=\"lazy\" decoding=\"async\" src=\"https:\/\/olvafrans.classy.be\/wp-content\/uploads\/2020\/05\/L14-1-808x1024.jpg\" alt=\"\" class=\"wp-image-597\" width=\"682\" height=\"865\" srcset=\"https:\/\/olvafrans.classy.be\/wp-content\/uploads\/2020\/05\/L14-1-808x1024.jpg 808w, https:\/\/olvafrans.classy.be\/wp-content\/uploads\/2020\/05\/L14-1-237x300.jpg 237w, https:\/\/olvafrans.classy.be\/wp-content\/uploads\/2020\/05\/L14-1-768x974.jpg 768w, https:\/\/olvafrans.classy.be\/wp-content\/uploads\/2020\/05\/L14-1.jpg 908w\" sizes=\"auto, (max-width: 682px) 100vw, 682px\" \/><\/figure>\n\n\n\n<p>Hieronder heb je mijn exemplaar. <\/p>\n\n\n\n<div class=\"wp-block-file\"><a href=\"https:\/\/olvafrans.classy.be\/wp-content\/uploads\/2020\/05\/Flash-actu-1.docx\">Flash-actu-1<\/a><a href=\"https:\/\/olvafrans.classy.be\/wp-content\/uploads\/2020\/05\/Flash-actu-1.docx\" class=\"wp-block-file__button\" download>Download en pas aan.<\/a><\/div>\n\n\n\n<figure class=\"wp-block-image size-large\"><img loading=\"lazy\" decoding=\"async\" width=\"850\" height=\"150\" src=\"https:\/\/olvafrans.classy.be\/wp-content\/uploads\/2020\/04\/Het-doel_-waar-gaat-dit-uiteindelijk-naartoe_-1.png\" alt=\"\" class=\"wp-image-209\" srcset=\"https:\/\/olvafrans.classy.be\/wp-content\/uploads\/2020\/04\/Het-doel_-waar-gaat-dit-uiteindelijk-naartoe_-1.png 850w, https:\/\/olvafrans.classy.be\/wp-content\/uploads\/2020\/04\/Het-doel_-waar-gaat-dit-uiteindelijk-naartoe_-1-300x53.png 300w, https:\/\/olvafrans.classy.be\/wp-content\/uploads\/2020\/04\/Het-doel_-waar-gaat-dit-uiteindelijk-naartoe_-1-768x136.png 768w\" sizes=\"auto, (max-width: 706px) 89vw, (max-width: 767px) 82vw, 740px\" \/><\/figure>\n\n\n\n<p>Stuur jouw versie als bijlage in een Smartschoolbericht. <\/p>\n\n\n\n<p>Dit is geen verplichte opdracht. Ik noteer wel een punt in het rapport als je het deed.<\/p>\n","protected":false},"excerpt":{"rendered":"<p>Cette semaine on regarde l&#8217;actualit\u00e9 Vocabualire de l&#8217;actualit\u00e9 (10 minutes) Reprends d&#8217;abord le vocabulaire. Tu retrouves le vocabulaire sur Quizlet. C&#8217;est du vocabulaire \u00e0 conna\u00eetre. Si tu veux avoir la liste de voc sur papier, il faut cliquer sur &#8216;afdrukken&#8217;, et puis tu t\u00e9l\u00e9charges le document. Regarde l&#8217;image. Tu peux aussi retrouver la liste ici. &hellip; <\/p>\n<p class=\"link-more\"><a href=\"https:\/\/olvafrans.classy.be\/?page_id=591\" class=\"more-link\">Lees verder <span class=\"screen-reader-text\">&#8220;Le\u00e7on n\u00b0 14&#8221;<\/span><\/a><\/p>\n","protected":false},"author":1,"featured_media":0,"parent":0,"menu_order":0,"comment_status":"closed","ping_status":"closed","template":"","meta":{"footnotes":""},"class_list":["post-591","page","type-page","status-publish","hentry"],"_links":{"self":[{"href":"https:\/\/olvafrans.classy.be\/index.php?rest_route=\/wp\/v2\/pages\/591","targetHints":{"allow":["GET"]}}],"collection":[{"href":"https:\/\/olvafrans.classy.be\/index.php?rest_route=\/wp\/v2\/pages"}],"about":[{"href":"https:\/\/olvafrans.classy.be\/index.php?rest_route=\/wp\/v2\/types\/page"}],"author":[{"embeddable":true,"href":"https:\/\/olvafrans.classy.be\/index.php?rest_route=\/wp\/v2\/users\/1"}],"replies":[{"embeddable":true,"href":"https:\/\/olvafrans.classy.be\/index.php?rest_route=%2Fwp%2Fv2%2Fcomments&post=591"}],"version-history":[{"count":8,"href":"https:\/\/olvafrans.classy.be\/index.php?rest_route=\/wp\/v2\/pages\/591\/revisions"}],"predecessor-version":[{"id":604,"href":"https:\/\/olvafrans.classy.be\/index.php?rest_route=\/wp\/v2\/pages\/591\/revisions\/604"}],"wp:attachment":[{"href":"https:\/\/olvafrans.classy.be\/index.php?rest_route=%2Fwp%2Fv2%2Fmedia&parent=591"}],"curies":[{"name":"wp","href":"https:\/\/api.w.org\/{rel}","templated":true}]}}