{"id":491,"date":"2020-05-12T20:04:03","date_gmt":"2020-05-12T20:04:03","guid":{"rendered":"https:\/\/olvafrans.classy.be\/?page_id=491"},"modified":"2020-06-01T15:25:20","modified_gmt":"2020-06-01T15:25:20","slug":"cinquieme-semaine-du-18-au-22-mai","status":"publish","type":"page","link":"https:\/\/olvafrans.classy.be\/?page_id=491","title":{"rendered":"Cinqui\u00e8me semaine: du 18 au 22 mai"},"content":{"rendered":"\n<p>Cette semaine on parle de l&#8217;actualit\u00e9&#8230; et ces derniers mois, il n&#8217;y a qu&#8217;<strong>un seul sujet. Corona<\/strong>. <\/p>\n\n\n\n<p>Heureusement, pour le devoir, tu pourras choisir un sujet qui t&#8217;int\u00e9resse vraiment.<\/p>\n\n\n\n<p><span class=\"has-inline-color has-vivid-red-color\">Let op: de site is niet volledig, niet alle info is reeds beschikbaar. <\/span><\/p>\n\n\n\n<figure class=\"wp-block-image size-large\"><img loading=\"lazy\" decoding=\"async\" width=\"650\" height=\"40\" src=\"https:\/\/olvafrans.classy.be\/wp-content\/uploads\/2020\/04\/divider-Je-suis-styl\u00e9-1.png\" alt=\"\" class=\"wp-image-67\" srcset=\"https:\/\/olvafrans.classy.be\/wp-content\/uploads\/2020\/04\/divider-Je-suis-styl\u00e9-1.png 650w, https:\/\/olvafrans.classy.be\/wp-content\/uploads\/2020\/04\/divider-Je-suis-styl\u00e9-1-300x18.png 300w\" sizes=\"auto, (max-width: 650px) 100vw, 650px\" \/><\/figure>\n\n\n\n<figure class=\"wp-block-image size-large is-resized\"><img loading=\"lazy\" decoding=\"async\" src=\"https:\/\/olvafrans.classy.be\/wp-content\/uploads\/2020\/04\/hier.png\" alt=\"\" class=\"wp-image-85\" width=\"301\" height=\"133\" srcset=\"https:\/\/olvafrans.classy.be\/wp-content\/uploads\/2020\/04\/hier.png 856w, https:\/\/olvafrans.classy.be\/wp-content\/uploads\/2020\/04\/hier-300x133.png 300w, https:\/\/olvafrans.classy.be\/wp-content\/uploads\/2020\/04\/hier-768x340.png 768w\" sizes=\"auto, (max-width: 301px) 100vw, 301px\" \/><\/figure>\n\n\n\n<hr class=\"wp-block-separator is-style-wide\"\/>\n\n\n\n<h2 class=\"wp-block-heading\">Le\u00e7on 13<\/h2>\n\n\n\n<p>sujets: voc <strong>actualit\u00e9<\/strong> &#8211; le <strong>confinement <\/strong>(#blijfinuwkot)<\/p>\n\n\n\n<p>Alle info voor deze les vind je <a href=\"https:\/\/olvafrans.classy.be\/?page_id=500\" target=\"_blank\" rel=\"noreferrer noopener\">hier<\/a>.<\/p>\n\n\n\n<figure class=\"wp-block-image size-large\"><img loading=\"lazy\" decoding=\"async\" width=\"650\" height=\"40\" src=\"https:\/\/olvafrans.classy.be\/wp-content\/uploads\/2020\/04\/divider-Je-suis-styl\u00e9-2.png\" alt=\"\" class=\"wp-image-68\" srcset=\"https:\/\/olvafrans.classy.be\/wp-content\/uploads\/2020\/04\/divider-Je-suis-styl\u00e9-2.png 650w, https:\/\/olvafrans.classy.be\/wp-content\/uploads\/2020\/04\/divider-Je-suis-styl\u00e9-2-300x18.png 300w\" sizes=\"auto, (max-width: 650px) 100vw, 650px\" \/><\/figure>\n\n\n\n<h2 class=\"wp-block-heading\">Le\u00e7on 14<\/h2>\n\n\n\n<p>sujets: <strong>l&#8217;actualit\u00e9 <\/strong>qui t&#8217;int\u00e9resse &#8211; <strong>devoir<\/strong>: parler d&#8217;un article de journal<\/p>\n\n\n\n<p>Alle info voor deze les vind je <a href=\"https:\/\/olvafrans.classy.be\/?page_id=591\">hier<\/a>. <\/p>\n\n\n\n<figure class=\"wp-block-image size-large\"><img loading=\"lazy\" decoding=\"async\" width=\"650\" height=\"40\" src=\"https:\/\/olvafrans.classy.be\/wp-content\/uploads\/2020\/04\/divider-Je-suis-styl\u00e9-1.png\" alt=\"\" class=\"wp-image-67\" srcset=\"https:\/\/olvafrans.classy.be\/wp-content\/uploads\/2020\/04\/divider-Je-suis-styl\u00e9-1.png 650w, https:\/\/olvafrans.classy.be\/wp-content\/uploads\/2020\/04\/divider-Je-suis-styl\u00e9-1-300x18.png 300w\" sizes=\"auto, (max-width: 650px) 100vw, 650px\" \/><\/figure>\n\n\n\n<p>Zoek je nog iets van de voorbije weken? Je vindt het hier terug:<\/p>\n\n\n\n<ul class=\"wp-block-list\"><li><a rel=\"noreferrer noopener\" href=\"https:\/\/olvafrans.classy.be\/?page_id=16\" target=\"_blank\">premi\u00e8re semaine<\/a><\/li><li><a href=\"https:\/\/olvafrans.classy.be\/?page_id=197\">deuxi\u00e8me semaine<\/a><\/li><li><a href=\"https:\/\/olvafrans.classy.be\/?page_id=322\">troisi\u00e8me semaine<\/a><\/li><li><a href=\"https:\/\/olvafrans.classy.be\/?page_id=403\">quatri\u00e8me semaine<\/a><\/li><li>cinqui\u00e8me semaine<\/li><li>sixi\u00e8me semaine<\/li><li>septi\u00e8me semaine<\/li><li>huiti\u00e8me semaine<\/li><li>neuvi\u00e8me semaine<\/li><\/ul>\n\n\n\n<p><\/p>\n\n\n\n<p><\/p>\n","protected":false},"excerpt":{"rendered":"<p>Cette semaine on parle de l&#8217;actualit\u00e9&#8230; et ces derniers mois, il n&#8217;y a qu&#8217;un seul sujet. Corona. Heureusement, pour le devoir, tu pourras choisir un sujet qui t&#8217;int\u00e9resse vraiment. Let op: de site is niet volledig, niet alle info is reeds beschikbaar. Le\u00e7on 13 sujets: voc actualit\u00e9 &#8211; le confinement (#blijfinuwkot) Alle info voor deze &hellip; <\/p>\n<p class=\"link-more\"><a href=\"https:\/\/olvafrans.classy.be\/?page_id=491\" class=\"more-link\">Lees verder <span class=\"screen-reader-text\">&#8220;Cinqui\u00e8me semaine: du 18 au 22 mai&#8221;<\/span><\/a><\/p>\n","protected":false},"author":1,"featured_media":0,"parent":0,"menu_order":0,"comment_status":"closed","ping_status":"closed","template":"","meta":{"footnotes":""},"class_list":["post-491","page","type-page","status-publish","hentry"],"_links":{"self":[{"href":"https:\/\/olvafrans.classy.be\/index.php?rest_route=\/wp\/v2\/pages\/491","targetHints":{"allow":["GET"]}}],"collection":[{"href":"https:\/\/olvafrans.classy.be\/index.php?rest_route=\/wp\/v2\/pages"}],"about":[{"href":"https:\/\/olvafrans.classy.be\/index.php?rest_route=\/wp\/v2\/types\/page"}],"author":[{"embeddable":true,"href":"https:\/\/olvafrans.classy.be\/index.php?rest_route=\/wp\/v2\/users\/1"}],"replies":[{"embeddable":true,"href":"https:\/\/olvafrans.classy.be\/index.php?rest_route=%2Fwp%2Fv2%2Fcomments&post=491"}],"version-history":[{"count":11,"href":"https:\/\/olvafrans.classy.be\/index.php?rest_route=\/wp\/v2\/pages\/491\/revisions"}],"predecessor-version":[{"id":706,"href":"https:\/\/olvafrans.classy.be\/index.php?rest_route=\/wp\/v2\/pages\/491\/revisions\/706"}],"wp:attachment":[{"href":"https:\/\/olvafrans.classy.be\/index.php?rest_route=%2Fwp%2Fv2%2Fmedia&parent=491"}],"curies":[{"name":"wp","href":"https:\/\/api.w.org\/{rel}","templated":true}]}}