{"id":475,"date":"2020-05-11T06:02:09","date_gmt":"2020-05-11T06:02:09","guid":{"rendered":"https:\/\/olvafrans.classy.be\/?page_id=475"},"modified":"2020-05-11T11:34:16","modified_gmt":"2020-05-11T11:34:16","slug":"lecon-n11-verbes-irreguliers-45-minutes","status":"publish","type":"page","link":"https:\/\/olvafrans.classy.be\/?page_id=475","title":{"rendered":"Le\u00e7on n\u00b011: Verbes irr\u00e9guliers (45 minutes)"},"content":{"rendered":"\n<figure class=\"wp-block-image size-large\"><img loading=\"lazy\" decoding=\"async\" width=\"850\" height=\"150\" src=\"https:\/\/olvafrans.classy.be\/wp-content\/uploads\/2020\/04\/1.png\" alt=\"\" class=\"wp-image-92\" srcset=\"https:\/\/olvafrans.classy.be\/wp-content\/uploads\/2020\/04\/1.png 850w, https:\/\/olvafrans.classy.be\/wp-content\/uploads\/2020\/04\/1-300x53.png 300w, https:\/\/olvafrans.classy.be\/wp-content\/uploads\/2020\/04\/1-768x136.png 768w\" sizes=\"auto, (max-width: 706px) 89vw, (max-width: 767px) 82vw, 740px\" \/><\/figure>\n\n\n\n<p>Aujourd&#8217;hui tu vas travailler sur les <strong>verbes irr\u00e9guliers<\/strong> (onregelmatige) sur Verbuga. Tu t&#8217;entraines dans trois s\u00e9ries de dix minutes.<\/p>\n\n\n\n<p><span class=\"has-inline-color has-vivid-red-color\">Let op:<\/span> de site Verbuga lag even plat. Ik hoop dat dit een tijdelijk probleem was, want anders ga ik naar een alternatief moeten zoeken. Nu werkt het.<\/p>\n\n\n\n<figure class=\"wp-block-image size-large\"><img loading=\"lazy\" decoding=\"async\" width=\"850\" height=\"150\" src=\"https:\/\/olvafrans.classy.be\/wp-content\/uploads\/2020\/04\/Het-doel_-waar-gaat-dit-uiteindelijk-naartoe_.png\" alt=\"\" class=\"wp-image-95\" srcset=\"https:\/\/olvafrans.classy.be\/wp-content\/uploads\/2020\/04\/Het-doel_-waar-gaat-dit-uiteindelijk-naartoe_.png 850w, https:\/\/olvafrans.classy.be\/wp-content\/uploads\/2020\/04\/Het-doel_-waar-gaat-dit-uiteindelijk-naartoe_-300x53.png 300w, https:\/\/olvafrans.classy.be\/wp-content\/uploads\/2020\/04\/Het-doel_-waar-gaat-dit-uiteindelijk-naartoe_-768x136.png 768w\" sizes=\"auto, (max-width: 706px) 89vw, (max-width: 767px) 82vw, 740px\" \/><\/figure>\n\n\n\n<p>De regelmatige werkwoorden, \u00e7a va nog. Maar die onregelmatige?<\/p>\n\n\n\n<p>Eigenlijk denk ik daar anders over. Het zijn juist de regelmatige werkwoorden die de &#8216;sluipmoordenaars&#8217; zijn. Ze zien er makkelijk uit en daarom is een foutje snel gemaakt. Onregelmatige werkwoorden herken je snel en weet je, owla, focus, hier moet ik voor oppassen. Er is meestal voldoende aparte tijd besteed aan zo&#8217;n werkwoorden, waardoor je die misschien beter kan onthouden. <\/p>\n\n\n\n<p>Voor wie echt nog een opfrissing wil van de vervoeging van onregelmatige werkwoorden, kan zeker op Wezooz-academy of Youtube voldoende filmpjes vinden. Een iets minder flashy site, maar wel volledig op jullie maat, is <a rel=\"noreferrer noopener\" href=\"http:\/\/www2.snh.be\/frans\/conjugaison\/temps\/index.htm\" target=\"_blank\">deze.<\/a> <\/p>\n\n\n\n<p>Je kan uiteraard ook in het paarse deel achteraan je schrift kijken.<\/p>\n\n\n\n<figure class=\"wp-block-image size-large\"><img loading=\"lazy\" decoding=\"async\" width=\"1024\" height=\"697\" src=\"https:\/\/olvafrans.classy.be\/wp-content\/uploads\/2020\/05\/2020-05-04_20-39-53-1024x697.png\" alt=\"\" class=\"wp-image-331\" srcset=\"https:\/\/olvafrans.classy.be\/wp-content\/uploads\/2020\/05\/2020-05-04_20-39-53-1024x697.png 1024w, https:\/\/olvafrans.classy.be\/wp-content\/uploads\/2020\/05\/2020-05-04_20-39-53-300x204.png 300w, https:\/\/olvafrans.classy.be\/wp-content\/uploads\/2020\/05\/2020-05-04_20-39-53-768x523.png 768w, https:\/\/olvafrans.classy.be\/wp-content\/uploads\/2020\/05\/2020-05-04_20-39-53-1536x1045.png 1536w, https:\/\/olvafrans.classy.be\/wp-content\/uploads\/2020\/05\/2020-05-04_20-39-53.png 1625w\" sizes=\"auto, (max-width: 706px) 89vw, (max-width: 767px) 82vw, 740px\" \/><\/figure>\n\n\n\n<p>Je kan er makkelijk per werkwoordstijd je geheugen even opfrissen. Mag ik je aanraden dat minstens voor een paar minuten te doen? Dan zal je minder frustratie ervaren bij de reeksen op Verbuga. <\/p>\n\n\n\n<figure class=\"wp-block-image size-large\"><img loading=\"lazy\" decoding=\"async\" width=\"650\" height=\"40\" src=\"https:\/\/olvafrans.classy.be\/wp-content\/uploads\/2020\/04\/divider-Je-suis-styl\u00e9-2.png\" alt=\"\" class=\"wp-image-68\" srcset=\"https:\/\/olvafrans.classy.be\/wp-content\/uploads\/2020\/04\/divider-Je-suis-styl\u00e9-2.png 650w, https:\/\/olvafrans.classy.be\/wp-content\/uploads\/2020\/04\/divider-Je-suis-styl\u00e9-2-300x18.png 300w\" sizes=\"auto, (max-width: 650px) 100vw, 650px\" \/><\/figure>\n\n\n\n<figure class=\"wp-block-image size-large\"><img loading=\"lazy\" decoding=\"async\" width=\"874\" height=\"446\" src=\"https:\/\/olvafrans.classy.be\/wp-content\/uploads\/2020\/04\/2020-04-19_16-56-54.png\" alt=\"\" class=\"wp-image-102\" srcset=\"https:\/\/olvafrans.classy.be\/wp-content\/uploads\/2020\/04\/2020-04-19_16-56-54.png 874w, https:\/\/olvafrans.classy.be\/wp-content\/uploads\/2020\/04\/2020-04-19_16-56-54-300x153.png 300w, https:\/\/olvafrans.classy.be\/wp-content\/uploads\/2020\/04\/2020-04-19_16-56-54-768x392.png 768w\" sizes=\"auto, (max-width: 706px) 89vw, (max-width: 767px) 82vw, 740px\" \/><\/figure>\n\n\n\n<p>Je weet nog hoe je Verbuga instelt? Net als voor <em>savoir<\/em> ga je in vier stappen bepalen welke werkwoorden in welke tijden je oefent. Per <em>s\u00e9rie <\/em>stel je dat opnieuw in.<\/p>\n\n\n\n<p><strong><em>Let op:<\/em><\/strong> deze opdracht doe je tien minuten, maar er is GEEN REDEN OM JE TE HAASTEN. Je hoeft geen schermafdrukken te maken voor mij. Noteer bij welk werkwoord en in welke tijd je fouten maakte die je niet had verwacht. Met andere woorden, <strong>je noteert die werkwoordsvormen die je vol zelfvertrouwen had ingevuld en die toch plots fout blijken te zijn<\/strong>.<\/p>\n\n\n\n<hr class=\"wp-block-separator is-style-wide\"\/>\n\n\n\n<p><strong>Premi\u00e8re s\u00e9rie:<\/strong><\/p>\n\n\n\n<ol class=\"wp-block-list\"><li>Tijden: Indicatif pr\u00e9sent, pass\u00e9 compos\u00e9, futur simple<\/li><li>Werkwoorden: kies zelf vijf gekende werkwoorden uit kolom 2.<\/li><li>au hasard sans soublon<\/li><li>confirmer<\/li><\/ol>\n\n\n\n<hr class=\"wp-block-separator is-style-wide\"\/>\n\n\n\n<p><strong>Deuxi\u00e8me s\u00e9rie:<\/strong><\/p>\n\n\n\n<ol class=\"wp-block-list\"><li>Tijden: Imp\u00e9ratif, imparfait, Conditionnel pr\u00e9sent<\/li><li>Werkwoorden: <\/li><li>au hasard sans soublon<\/li><li>confirmer<\/li><\/ol>\n\n\n\n<hr class=\"wp-block-separator is-style-wide\"\/>\n\n\n\n<p><strong>Troisi\u00e8me s\u00e9rie:<\/strong><\/p>\n\n\n\n<ol class=\"wp-block-list\"><li><strong>Tijden<\/strong>: Indicatif pr\u00e9sent, imparfait, futur simple, pass\u00e9 compos\u00e9<\/li><li>Werkwoorden: kies zelf vijf gekende werkwoorden uit kolom 2. <\/li><li>au hasard sans soublon<\/li><li>confirmer<\/li><\/ol>\n\n\n\n<figure class=\"wp-block-image size-large\"><img loading=\"lazy\" decoding=\"async\" width=\"850\" height=\"150\" src=\"https:\/\/olvafrans.classy.be\/wp-content\/uploads\/2020\/04\/Het-doel_-waar-gaat-dit-uiteindelijk-naartoe_-1.png\" alt=\"\" class=\"wp-image-209\" srcset=\"https:\/\/olvafrans.classy.be\/wp-content\/uploads\/2020\/04\/Het-doel_-waar-gaat-dit-uiteindelijk-naartoe_-1.png 850w, https:\/\/olvafrans.classy.be\/wp-content\/uploads\/2020\/04\/Het-doel_-waar-gaat-dit-uiteindelijk-naartoe_-1-300x53.png 300w, https:\/\/olvafrans.classy.be\/wp-content\/uploads\/2020\/04\/Het-doel_-waar-gaat-dit-uiteindelijk-naartoe_-1-768x136.png 768w\" sizes=\"auto, (max-width: 706px) 89vw, (max-width: 767px) 82vw, 740px\" \/><\/figure>\n\n\n\n<p>Si tu veux me raconter comment tu as travaill\u00e9 sur Verbuga, je suis bien curieux&#8230; Ce message n&#8217;est pas un devoir. C&#8217;est seulement si tu as des questions, si tu veux avoir des exercices extra ou si tu veux m&#8217;envoyer un message parce que tu aimes envoyer des messages =)<\/p>\n","protected":false},"excerpt":{"rendered":"<p>Aujourd&#8217;hui tu vas travailler sur les verbes irr\u00e9guliers (onregelmatige) sur Verbuga. Tu t&#8217;entraines dans trois s\u00e9ries de dix minutes. Let op: de site Verbuga lag even plat. Ik hoop dat dit een tijdelijk probleem was, want anders ga ik naar een alternatief moeten zoeken. Nu werkt het. De regelmatige werkwoorden, \u00e7a va nog. Maar die &hellip; <\/p>\n<p class=\"link-more\"><a href=\"https:\/\/olvafrans.classy.be\/?page_id=475\" class=\"more-link\">Lees verder <span class=\"screen-reader-text\">&#8220;Le\u00e7on n\u00b011: Verbes irr\u00e9guliers (45 minutes)&#8221;<\/span><\/a><\/p>\n","protected":false},"author":1,"featured_media":0,"parent":0,"menu_order":0,"comment_status":"closed","ping_status":"closed","template":"","meta":{"footnotes":""},"class_list":["post-475","page","type-page","status-publish","hentry"],"_links":{"self":[{"href":"https:\/\/olvafrans.classy.be\/index.php?rest_route=\/wp\/v2\/pages\/475","targetHints":{"allow":["GET"]}}],"collection":[{"href":"https:\/\/olvafrans.classy.be\/index.php?rest_route=\/wp\/v2\/pages"}],"about":[{"href":"https:\/\/olvafrans.classy.be\/index.php?rest_route=\/wp\/v2\/types\/page"}],"author":[{"embeddable":true,"href":"https:\/\/olvafrans.classy.be\/index.php?rest_route=\/wp\/v2\/users\/1"}],"replies":[{"embeddable":true,"href":"https:\/\/olvafrans.classy.be\/index.php?rest_route=%2Fwp%2Fv2%2Fcomments&post=475"}],"version-history":[{"count":4,"href":"https:\/\/olvafrans.classy.be\/index.php?rest_route=\/wp\/v2\/pages\/475\/revisions"}],"predecessor-version":[{"id":486,"href":"https:\/\/olvafrans.classy.be\/index.php?rest_route=\/wp\/v2\/pages\/475\/revisions\/486"}],"wp:attachment":[{"href":"https:\/\/olvafrans.classy.be\/index.php?rest_route=%2Fwp%2Fv2%2Fmedia&parent=475"}],"curies":[{"name":"wp","href":"https:\/\/api.w.org\/{rel}","templated":true}]}}