{"id":412,"date":"2020-05-10T16:26:25","date_gmt":"2020-05-10T16:26:25","guid":{"rendered":"https:\/\/olvafrans.classy.be\/?page_id=412"},"modified":"2020-05-12T20:44:46","modified_gmt":"2020-05-12T20:44:46","slug":"lecon-10","status":"publish","type":"page","link":"https:\/\/olvafrans.classy.be\/?page_id=412","title":{"rendered":"Le\u00e7on n\u00b0 10"},"content":{"rendered":"\n<p><strong><span class=\"has-inline-color has-vivid-red-color\">Let op:<\/span><\/strong> na deze les stuur je me een berichtje (Smartschool) met een screenshot en vijf Franse woorden. Ik ga dit bericht zeer waarschijnlijk <strong>niet <\/strong>beantwoorden, maar het dient wel om bij te houden of je je werk wel maakt en is zichtbaar op je rapport.<\/p>\n\n\n\n<p>Deze week heb je bij les 12 ook nog een korte schrijfopdracht. Plan je werk dus goed.<\/p>\n\n\n\n<figure class=\"wp-block-image size-large\"><img loading=\"lazy\" decoding=\"async\" width=\"850\" height=\"150\" src=\"https:\/\/olvafrans.classy.be\/wp-content\/uploads\/2020\/04\/1.png\" alt=\"\" class=\"wp-image-92\" srcset=\"https:\/\/olvafrans.classy.be\/wp-content\/uploads\/2020\/04\/1.png 850w, https:\/\/olvafrans.classy.be\/wp-content\/uploads\/2020\/04\/1-300x53.png 300w, https:\/\/olvafrans.classy.be\/wp-content\/uploads\/2020\/04\/1-768x136.png 768w\" sizes=\"auto, (max-width: 706px) 89vw, (max-width: 767px) 82vw, 740px\" \/><\/figure>\n\n\n\n<h2 class=\"wp-block-heading\">Acheter un billet de train + message par smartschool (25 minutes)<\/h2>\n\n\n\n<div class=\"wp-block-image\"><figure class=\"alignleft size-large is-resized\"><img loading=\"lazy\" decoding=\"async\" src=\"https:\/\/olvafrans.classy.be\/wp-content\/uploads\/2020\/05\/2020-05-10_18-17-40.png\" alt=\"\" class=\"wp-image-413\" width=\"155\" height=\"103\" srcset=\"https:\/\/olvafrans.classy.be\/wp-content\/uploads\/2020\/05\/2020-05-10_18-17-40.png 927w, https:\/\/olvafrans.classy.be\/wp-content\/uploads\/2020\/05\/2020-05-10_18-17-40-300x199.png 300w, https:\/\/olvafrans.classy.be\/wp-content\/uploads\/2020\/05\/2020-05-10_18-17-40-768x510.png 768w\" sizes=\"auto, (max-width: 155px) 100vw, 155px\" \/><\/figure><\/div>\n\n\n\n<p>Dans cette le\u00e7on, on parle d&#8217;acheter un billet de train.<\/p>\n\n\n\n<p>Il y a plusieurs fa\u00e7ons d&#8217;acheter un billet de train: \u00e0 la borne, au guichet, en ligne et dans le train.<\/p>\n\n\n\n<hr class=\"wp-block-separator\"\/>\n\n\n\n<h2 class=\"wp-block-heading\">Vocabulaire: un objet perdu (2x 10 minutes + 5 minutes)<\/h2>\n\n\n\n<div class=\"wp-block-image\"><figure class=\"alignright size-large is-resized\"><img loading=\"lazy\" decoding=\"async\" src=\"https:\/\/olvafrans.classy.be\/wp-content\/uploads\/2020\/05\/pistolet.png\" alt=\"\" class=\"wp-image-414\" width=\"303\" height=\"166\"\/><\/figure><\/div>\n\n\n\n<p>Parfois on oublie quelque chose sur le train, le tram ou le bus.<\/p>\n\n\n\n<p><em>Tu vas reprendre tout le vocabulaire n\u00e9cessaire pour pouvoir d\u00e9crire un objet perdu.<\/em><\/p>\n\n\n\n<figure class=\"wp-block-image size-large is-resized\"><img loading=\"lazy\" decoding=\"async\" src=\"https:\/\/olvafrans.classy.be\/wp-content\/uploads\/2020\/04\/divider-Je-suis-styl\u00e9-2.png\" alt=\"\" class=\"wp-image-68\" width=\"675\" height=\"42\" srcset=\"https:\/\/olvafrans.classy.be\/wp-content\/uploads\/2020\/04\/divider-Je-suis-styl\u00e9-2.png 650w, https:\/\/olvafrans.classy.be\/wp-content\/uploads\/2020\/04\/divider-Je-suis-styl\u00e9-2-300x18.png 300w\" sizes=\"auto, (max-width: 675px) 100vw, 675px\" \/><\/figure>\n\n\n\n<figure class=\"wp-block-image size-large\"><img loading=\"lazy\" decoding=\"async\" width=\"850\" height=\"150\" src=\"https:\/\/olvafrans.classy.be\/wp-content\/uploads\/2020\/04\/Het-doel_-waar-gaat-dit-uiteindelijk-naartoe_.png\" alt=\"\" class=\"wp-image-95\" srcset=\"https:\/\/olvafrans.classy.be\/wp-content\/uploads\/2020\/04\/Het-doel_-waar-gaat-dit-uiteindelijk-naartoe_.png 850w, https:\/\/olvafrans.classy.be\/wp-content\/uploads\/2020\/04\/Het-doel_-waar-gaat-dit-uiteindelijk-naartoe_-300x53.png 300w, https:\/\/olvafrans.classy.be\/wp-content\/uploads\/2020\/04\/Het-doel_-waar-gaat-dit-uiteindelijk-naartoe_-768x136.png 768w\" sizes=\"auto, (max-width: 706px) 89vw, (max-width: 767px) 82vw, 740px\" \/><\/figure>\n\n\n\n<p>Tu connais d\u00e9j\u00e0 du vocabulaire qui peut t&#8217;aider ici. Je pense \u00e0:<\/p>\n\n\n\n<ul class=\"wp-block-list\"><li>un guichet<\/li><li>cher<\/li><li>une borne (un automate)<\/li><li>un voyageur<\/li><\/ul>\n\n\n\n<figure class=\"wp-block-image size-large is-resized\"><img loading=\"lazy\" decoding=\"async\" src=\"https:\/\/olvafrans.classy.be\/wp-content\/uploads\/2020\/04\/divider-Je-suis-styl\u00e9-2.png\" alt=\"\" class=\"wp-image-68\" width=\"677\" height=\"42\" srcset=\"https:\/\/olvafrans.classy.be\/wp-content\/uploads\/2020\/04\/divider-Je-suis-styl\u00e9-2.png 650w, https:\/\/olvafrans.classy.be\/wp-content\/uploads\/2020\/04\/divider-Je-suis-styl\u00e9-2-300x18.png 300w\" sizes=\"auto, (max-width: 677px) 100vw, 677px\" \/><\/figure>\n\n\n\n<p>Tu vas lire un article en ligne. Le texte n&#8217;est pas tr\u00e8s facile, mais ce n&#8217;est pas n\u00e9cessaire de comprendre tous les mots. Les questions sont assez faciles\/g\u00e9n\u00e9rales. <\/p>\n\n\n\n<p>D&#8217;abord <strong>les questions<\/strong>:<\/p>\n\n\n\n<ol class=\"wp-block-list\"><li>Qui a \u00e9crit cet article? Et quand?<\/li><li>O\u00f9 peut-on retrouver cet article?<\/li><li>C&#8217;est qui\/quoi, un accompagnateur de SNCB?<\/li><li>Pourquoi est-ce que ces jeunes avaient pay\u00e9 trop?<\/li><li>Qu&#8217;est-ce que l&#8217;accompagnateur a propos\u00e9 (voorgesteld)?<\/li><li>Quelle est la profession d&#8217;Elisa Roux?<\/li><\/ol>\n\n\n\n<div class=\"wp-block-image\"><figure class=\"aligncenter size-large is-resized\"><img loading=\"lazy\" decoding=\"async\" src=\"https:\/\/olvafrans.classy.be\/wp-content\/uploads\/2020\/05\/2020-05-10_18-34-09-1024x674.png\" alt=\"\" class=\"wp-image-420\" width=\"358\" height=\"235\" srcset=\"https:\/\/olvafrans.classy.be\/wp-content\/uploads\/2020\/05\/2020-05-10_18-34-09-1024x674.png 1024w, https:\/\/olvafrans.classy.be\/wp-content\/uploads\/2020\/05\/2020-05-10_18-34-09-300x197.png 300w, https:\/\/olvafrans.classy.be\/wp-content\/uploads\/2020\/05\/2020-05-10_18-34-09-768x505.png 768w, https:\/\/olvafrans.classy.be\/wp-content\/uploads\/2020\/05\/2020-05-10_18-34-09.png 1515w\" sizes=\"auto, (max-width: 358px) 100vw, 358px\" \/><\/figure><\/div>\n\n\n\n<p><strong>Clique <\/strong><a rel=\"noreferrer noopener\" href=\"https:\/\/www.dhnet.be\/actu\/faits\/deux-voyageurs-gruges-par-un-automate-officiel-de-la-sncb-5d5ee9c3f20d5a1dbdfc7166\" target=\"_blank\">ici <\/a>pour lire l&#8217;article.<\/p>\n\n\n\n<p>Traduction du mot grug\u00e9: <em>bedrogen<\/em>.<\/p>\n\n\n\n<hr class=\"wp-block-separator is-style-wide\"\/>\n\n\n\n<p>Quand tu as lu le texte, passe au petit test.<\/p>\n\n\n\n<p><span class=\"has-inline-color has-vivid-red-color\">Let op<\/span>: als bewijs dat je deze oefening maakte, heb je een screenshot nodig van je eindresultaat op 18. Vergeet dit screenshot niet te maken, anders moet je de test nog eens afleggen.<\/p>\n\n\n\n<div class=\"h5p-iframe-wrapper\"><iframe id=\"h5p-iframe-8\" class=\"h5p-iframe\" data-content-id=\"8\" style=\"height:1px\" src=\"about:blank\" frameBorder=\"0\" scrolling=\"no\" title=\"Petit test: Acheter un billet de train\"><\/iframe><\/div>\n\n\n\n<figure class=\"wp-block-image size-large\"><img loading=\"lazy\" decoding=\"async\" width=\"850\" height=\"150\" src=\"https:\/\/olvafrans.classy.be\/wp-content\/uploads\/2020\/04\/Het-doel_-waar-gaat-dit-uiteindelijk-naartoe_-1.png\" alt=\"\" class=\"wp-image-209\" srcset=\"https:\/\/olvafrans.classy.be\/wp-content\/uploads\/2020\/04\/Het-doel_-waar-gaat-dit-uiteindelijk-naartoe_-1.png 850w, https:\/\/olvafrans.classy.be\/wp-content\/uploads\/2020\/04\/Het-doel_-waar-gaat-dit-uiteindelijk-naartoe_-1-300x53.png 300w, https:\/\/olvafrans.classy.be\/wp-content\/uploads\/2020\/04\/Het-doel_-waar-gaat-dit-uiteindelijk-naartoe_-1-768x136.png 768w\" sizes=\"auto, (max-width: 706px) 89vw, (max-width: 767px) 82vw, 740px\" \/><\/figure>\n\n\n\n<p>Ecris-moi un petit message avec:<\/p>\n\n\n\n<ul class=\"wp-block-list\"><li>een screenshot van je eindresultaat van de test;<\/li><li>vijf Franse woorden die je hebt opgezocht of geleerd door dit artikel te lezen m\u00e9t vertaling;<\/li><li>en of je dit een moeilijke opdracht vond. <\/li><\/ul>\n\n\n\n<figure class=\"wp-block-image size-large is-resized\"><img loading=\"lazy\" decoding=\"async\" src=\"https:\/\/olvafrans.classy.be\/wp-content\/uploads\/2020\/04\/divider-Je-suis-styl\u00e9-2.png\" alt=\"\" class=\"wp-image-68\" width=\"674\" height=\"41\" srcset=\"https:\/\/olvafrans.classy.be\/wp-content\/uploads\/2020\/04\/divider-Je-suis-styl\u00e9-2.png 650w, https:\/\/olvafrans.classy.be\/wp-content\/uploads\/2020\/04\/divider-Je-suis-styl\u00e9-2-300x18.png 300w\" sizes=\"auto, (max-width: 674px) 100vw, 674px\" \/><\/figure>\n\n\n\n<h2 class=\"wp-block-heading\">Vocabulaire : un objet perdu (2x 10 minutes, 5 minutes pour le test)<\/h2>\n\n\n\n<figure class=\"wp-block-image size-large\"><img loading=\"lazy\" decoding=\"async\" width=\"850\" height=\"150\" src=\"https:\/\/olvafrans.classy.be\/wp-content\/uploads\/2020\/04\/4.png\" alt=\"\" class=\"wp-image-93\" srcset=\"https:\/\/olvafrans.classy.be\/wp-content\/uploads\/2020\/04\/4.png 850w, https:\/\/olvafrans.classy.be\/wp-content\/uploads\/2020\/04\/4-300x53.png 300w, https:\/\/olvafrans.classy.be\/wp-content\/uploads\/2020\/04\/4-768x136.png 768w\" sizes=\"auto, (max-width: 706px) 89vw, (max-width: 767px) 82vw, 740px\" \/><\/figure>\n\n\n\n<figure class=\"wp-block-image size-large\"><img loading=\"lazy\" decoding=\"async\" width=\"844\" height=\"287\" src=\"https:\/\/olvafrans.classy.be\/wp-content\/uploads\/2020\/05\/2020-05-10_20-46-38.png\" alt=\"\" class=\"wp-image-460\" srcset=\"https:\/\/olvafrans.classy.be\/wp-content\/uploads\/2020\/05\/2020-05-10_20-46-38.png 844w, https:\/\/olvafrans.classy.be\/wp-content\/uploads\/2020\/05\/2020-05-10_20-46-38-300x102.png 300w, https:\/\/olvafrans.classy.be\/wp-content\/uploads\/2020\/05\/2020-05-10_20-46-38-768x261.png 768w\" sizes=\"auto, (max-width: 706px) 89vw, (max-width: 767px) 82vw, 740px\" \/><figcaption>Help je deze mensen met het terugvinden van hun verloren voorwerp? <\/figcaption><\/figure>\n\n\n\n<p>Voor les 12 heb je een schrijfopdracht. Daarin zal je bepaalde woorden zeer waarschijnlijk nodig hebben. <\/p>\n\n\n\n<p>Oefen daarom de woordenlijst (23 woorden) gedurende 2 x 10 minuten. Deze lijst bevat alleen reeds geziene woordenschat:<\/p>\n\n\n\n<ul class=\"wp-block-list\"><li>woorden om de <strong>materie <\/strong>of <strong>kleur <\/strong>van je verloren voorwerp te beschrijven;<\/li><li>woorden om de <strong>vorm <\/strong>van je verloren voorwerp te beschrijven;<\/li><li>woorden om de <strong>plek <\/strong>\/ <strong>vervoermiddel <\/strong>waar je het verloren bent, te beschrijven;<\/li><li>woorden om de <strong>inhoud<\/strong> van je verloren voorwerp te beschrijven.<\/li><\/ul>\n\n\n\n<p>Je vindt die terug op <a rel=\"noreferrer noopener\" href=\"https:\/\/quizlet.com\/_8e01hf?x=1qqt&amp;i=1qsi3\" target=\"_blank\">Quizlet<\/a>. Wil je die afdrukken?<\/p>\n\n\n\n<div class=\"wp-block-file\"><a href=\"https:\/\/olvafrans.classy.be\/wp-content\/uploads\/2020\/05\/Q-objet-perdu.pdf\">Q-objet-perdu<\/a><a href=\"https:\/\/olvafrans.classy.be\/wp-content\/uploads\/2020\/05\/Q-objet-perdu.pdf\" class=\"wp-block-file__button\" download>Download<\/a><\/div>\n\n\n\n<hr class=\"wp-block-separator is-style-wide\"\/>\n\n\n\n<p>Maak dan de <a rel=\"noreferrer noopener\" href=\"https:\/\/quizlet.com\/507245955\/test?answerTermSides=6&amp;promptTermSides=6&amp;questionCount=20&amp;questionTypes=7&amp;showImages=true\" target=\"_blank\">online test<\/a>, of druk het bestand af vanaf de link hieronder.<\/p>\n\n\n\n<div class=\"wp-block-file\"><a href=\"https:\/\/olvafrans.classy.be\/wp-content\/uploads\/2020\/05\/Test_-Vocabulaire-_-d\u00e9crire-un-objet-perdu-_-Quizlet.pdf\">Test_-Vocabulaire-_-d\u00e9crire-un-objet-perdu-_-Quizlet<\/a><a href=\"https:\/\/olvafrans.classy.be\/wp-content\/uploads\/2020\/05\/Test_-Vocabulaire-_-d\u00e9crire-un-objet-perdu-_-Quizlet.pdf\" class=\"wp-block-file__button\" download>Download<\/a><\/div>\n\n\n\n<figure class=\"wp-block-image size-large\"><img loading=\"lazy\" decoding=\"async\" width=\"650\" height=\"40\" src=\"https:\/\/olvafrans.classy.be\/wp-content\/uploads\/2020\/04\/divider-Je-suis-styl\u00e9-2.png\" alt=\"\" class=\"wp-image-68\" srcset=\"https:\/\/olvafrans.classy.be\/wp-content\/uploads\/2020\/04\/divider-Je-suis-styl\u00e9-2.png 650w, https:\/\/olvafrans.classy.be\/wp-content\/uploads\/2020\/04\/divider-Je-suis-styl\u00e9-2-300x18.png 300w\" sizes=\"auto, (max-width: 650px) 100vw, 650px\" \/><\/figure>\n\n\n\n<p>Alleen voor wie dit wil, <a rel=\"noreferrer noopener\" href=\"https:\/\/olvafrans.classy.be\/?page_id=462\" target=\"_blank\">les 12<\/a> staat ook al beschikbaar. <\/p>\n\n\n\n<figure class=\"wp-block-image size-large is-resized\"><img loading=\"lazy\" decoding=\"async\" src=\"https:\/\/olvafrans.classy.be\/wp-content\/uploads\/2020\/04\/fatigu\u00e9.png\" alt=\"\" class=\"wp-image-106\" width=\"394\" height=\"329\" srcset=\"https:\/\/olvafrans.classy.be\/wp-content\/uploads\/2020\/04\/fatigu\u00e9.png 666w, https:\/\/olvafrans.classy.be\/wp-content\/uploads\/2020\/04\/fatigu\u00e9-300x250.png 300w\" sizes=\"auto, (max-width: 394px) 100vw, 394px\" \/><\/figure>\n","protected":false},"excerpt":{"rendered":"<p>Let op: na deze les stuur je me een berichtje (Smartschool) met een screenshot en vijf Franse woorden. Ik ga dit bericht zeer waarschijnlijk niet beantwoorden, maar het dient wel om bij te houden of je je werk wel maakt en is zichtbaar op je rapport. Deze week heb je bij les 12 ook nog &hellip; <\/p>\n<p class=\"link-more\"><a href=\"https:\/\/olvafrans.classy.be\/?page_id=412\" class=\"more-link\">Lees verder <span class=\"screen-reader-text\">&#8220;Le\u00e7on n\u00b0 10&#8221;<\/span><\/a><\/p>\n","protected":false},"author":1,"featured_media":0,"parent":0,"menu_order":0,"comment_status":"closed","ping_status":"closed","template":"","meta":{"footnotes":""},"class_list":["post-412","page","type-page","status-publish","hentry"],"_links":{"self":[{"href":"https:\/\/olvafrans.classy.be\/index.php?rest_route=\/wp\/v2\/pages\/412","targetHints":{"allow":["GET"]}}],"collection":[{"href":"https:\/\/olvafrans.classy.be\/index.php?rest_route=\/wp\/v2\/pages"}],"about":[{"href":"https:\/\/olvafrans.classy.be\/index.php?rest_route=\/wp\/v2\/types\/page"}],"author":[{"embeddable":true,"href":"https:\/\/olvafrans.classy.be\/index.php?rest_route=\/wp\/v2\/users\/1"}],"replies":[{"embeddable":true,"href":"https:\/\/olvafrans.classy.be\/index.php?rest_route=%2Fwp%2Fv2%2Fcomments&post=412"}],"version-history":[{"count":49,"href":"https:\/\/olvafrans.classy.be\/index.php?rest_route=\/wp\/v2\/pages\/412\/revisions"}],"predecessor-version":[{"id":580,"href":"https:\/\/olvafrans.classy.be\/index.php?rest_route=\/wp\/v2\/pages\/412\/revisions\/580"}],"wp:attachment":[{"href":"https:\/\/olvafrans.classy.be\/index.php?rest_route=%2Fwp%2Fv2%2Fmedia&parent=412"}],"curies":[{"name":"wp","href":"https:\/\/api.w.org\/{rel}","templated":true}]}}