{"id":346,"date":"2020-05-05T19:08:31","date_gmt":"2020-05-05T19:08:31","guid":{"rendered":"https:\/\/olvafrans.classy.be\/?page_id=346"},"modified":"2020-06-23T13:40:33","modified_gmt":"2020-06-23T13:40:33","slug":"lecon-n9-comment-aller-de-a-a-b-comprendre-et-expliquer-un-trajet-50-minutes","status":"publish","type":"page","link":"https:\/\/olvafrans.classy.be\/?page_id=346","title":{"rendered":"Le\u00e7on n\u00b09 : Comment aller de A \u00e0 B? Comprendre et expliquer un trajet. (50 minutes)"},"content":{"rendered":"\n<figure class=\"wp-block-image size-large\"><img loading=\"lazy\" decoding=\"async\" width=\"850\" height=\"150\" src=\"https:\/\/olvafrans.classy.be\/wp-content\/uploads\/2020\/04\/1.png\" alt=\"\" class=\"wp-image-92\" srcset=\"https:\/\/olvafrans.classy.be\/wp-content\/uploads\/2020\/04\/1.png 850w, https:\/\/olvafrans.classy.be\/wp-content\/uploads\/2020\/04\/1-300x53.png 300w, https:\/\/olvafrans.classy.be\/wp-content\/uploads\/2020\/04\/1-768x136.png 768w\" sizes=\"auto, (max-width: 706px) 89vw, (max-width: 767px) 82vw, 740px\" \/><\/figure>\n\n\n\n<p>Si tu veux <strong>prendre le train ou le bus<\/strong> (ou le taxi&#8230;), il faut savoir: <\/p>\n\n\n\n<ul class=\"wp-block-list\"><li>chercher et comprendre de l&#8217;info sur internet ou sur une appli;<\/li><li>demander de l&#8217;info \u00e0 une personne et comprendre cette info;<\/li><li>donner une explication \u00e0 quelqu&#8217;un qui te demande de l&#8217;aide, un touriste francophone \u00e0 Bruges par exemple.<\/li><\/ul>\n\n\n\n<figure class=\"wp-block-image size-large\"><img loading=\"lazy\" decoding=\"async\" width=\"850\" height=\"150\" src=\"https:\/\/olvafrans.classy.be\/wp-content\/uploads\/2020\/04\/4.png\" alt=\"\" class=\"wp-image-93\" srcset=\"https:\/\/olvafrans.classy.be\/wp-content\/uploads\/2020\/04\/4.png 850w, https:\/\/olvafrans.classy.be\/wp-content\/uploads\/2020\/04\/4-300x53.png 300w, https:\/\/olvafrans.classy.be\/wp-content\/uploads\/2020\/04\/4-768x136.png 768w\" sizes=\"auto, (max-width: 706px) 89vw, (max-width: 767px) 82vw, 740px\" \/><\/figure>\n\n\n\n<p>Pouvoir se d\u00e9placer dans une ville inconnue \u00e0 l&#8217;aide d&#8217;un moyen de transport est sans doute une situation r\u00e9elle dans ta vie, p.e. pendant un voyage. C&#8217;est tr\u00e8s poli si tu arrives \u00e0 expliquer le chemin et le bus\/train \u00e0 prendre \u00e0 des gens dans une ville touristique comme Bruges.<\/p>\n\n\n\n<figure class=\"wp-block-image size-large\"><img loading=\"lazy\" decoding=\"async\" width=\"850\" height=\"150\" src=\"https:\/\/olvafrans.classy.be\/wp-content\/uploads\/2020\/04\/2.png\" alt=\"\" class=\"wp-image-101\" srcset=\"https:\/\/olvafrans.classy.be\/wp-content\/uploads\/2020\/04\/2.png 850w, https:\/\/olvafrans.classy.be\/wp-content\/uploads\/2020\/04\/2-300x53.png 300w, https:\/\/olvafrans.classy.be\/wp-content\/uploads\/2020\/04\/2-768x136.png 768w\" sizes=\"auto, (max-width: 706px) 89vw, (max-width: 767px) 82vw, 740px\" \/><\/figure>\n\n\n\n<p><strong>Prends <\/strong>la page 321 dans le cahier de travail. <strong>Fais<\/strong> l&#8217;<strong>exercice 18<\/strong> <strong>a<\/strong>. Pour trouver les r\u00e9ponses, tu dois regarder la page 321.<\/p>\n\n\n\n<figure class=\"wp-block-image size-large is-resized\"><img loading=\"lazy\" decoding=\"async\" src=\"https:\/\/olvafrans.classy.be\/wp-content\/uploads\/2020\/05\/2020-05-05_20-52-26.png\" alt=\"\" class=\"wp-image-347\" width=\"171\" height=\"105\" srcset=\"https:\/\/olvafrans.classy.be\/wp-content\/uploads\/2020\/05\/2020-05-05_20-52-26.png 718w, https:\/\/olvafrans.classy.be\/wp-content\/uploads\/2020\/05\/2020-05-05_20-52-26-300x186.png 300w\" sizes=\"auto, (max-width: 171px) 100vw, 171px\" \/><\/figure>\n\n\n\n<figure class=\"wp-block-image size-large\"><img loading=\"lazy\" decoding=\"async\" width=\"650\" height=\"40\" src=\"https:\/\/olvafrans.classy.be\/wp-content\/uploads\/2020\/04\/divider-Je-suis-styl\u00e9-2.png\" alt=\"\" class=\"wp-image-68\" srcset=\"https:\/\/olvafrans.classy.be\/wp-content\/uploads\/2020\/04\/divider-Je-suis-styl\u00e9-2.png 650w, https:\/\/olvafrans.classy.be\/wp-content\/uploads\/2020\/04\/divider-Je-suis-styl\u00e9-2-300x18.png 300w\" sizes=\"auto, (max-width: 650px) 100vw, 650px\" \/><\/figure>\n\n\n\n<p>Puis, tu trouves les r\u00e9ponses aux questions de la partie <strong>a<\/strong> ici. Clique sur le titre ou sur Download pour voir des photos avec les solutions.<\/p>\n\n\n\n<hr class=\"wp-block-separator is-style-wide\"\/>\n\n\n\n<figure class=\"wp-block-image size-large is-resized\"><img loading=\"lazy\" decoding=\"async\" src=\"https:\/\/olvafrans.classy.be\/wp-content\/uploads\/2020\/05\/2020-05-06_10-40-41-1.png\" alt=\"\" class=\"wp-image-376\" width=\"325\" height=\"96\" srcset=\"https:\/\/olvafrans.classy.be\/wp-content\/uploads\/2020\/05\/2020-05-06_10-40-41-1.png 574w, https:\/\/olvafrans.classy.be\/wp-content\/uploads\/2020\/05\/2020-05-06_10-40-41-1-300x89.png 300w\" sizes=\"auto, (max-width: 325px) 100vw, 325px\" \/><\/figure>\n\n\n\n<div class=\"wp-block-file\"><a href=\"https:\/\/olvafrans.classy.be\/wp-content\/uploads\/2020\/05\/8-b-1.png\">Oplossing p. 322a<\/a><a href=\"https:\/\/olvafrans.classy.be\/wp-content\/uploads\/2020\/05\/8-b-1.png\" class=\"wp-block-file__button\" download>Download<\/a><\/div>\n\n\n\n<div class=\"wp-block-file\"><a href=\"https:\/\/olvafrans.classy.be\/wp-content\/uploads\/2020\/05\/8-c.png\">Oplossing p.322b<\/a><a href=\"https:\/\/olvafrans.classy.be\/wp-content\/uploads\/2020\/05\/8-c.png\" class=\"wp-block-file__button\" download>Download<\/a><\/div>\n\n\n\n<div class=\"wp-block-file\"><a href=\"https:\/\/olvafrans.classy.be\/wp-content\/uploads\/2020\/05\/8-d.png\">Oplossing p.322c<\/a><a href=\"https:\/\/olvafrans.classy.be\/wp-content\/uploads\/2020\/05\/8-d.png\" class=\"wp-block-file__button\" download>Download<\/a><\/div>\n\n\n\n<figure class=\"wp-block-image size-large\"><img loading=\"lazy\" decoding=\"async\" width=\"650\" height=\"40\" src=\"https:\/\/olvafrans.classy.be\/wp-content\/uploads\/2020\/04\/divider-Je-suis-styl\u00e9-2.png\" alt=\"\" class=\"wp-image-68\" srcset=\"https:\/\/olvafrans.classy.be\/wp-content\/uploads\/2020\/04\/divider-Je-suis-styl\u00e9-2.png 650w, https:\/\/olvafrans.classy.be\/wp-content\/uploads\/2020\/04\/divider-Je-suis-styl\u00e9-2-300x18.png 300w\" sizes=\"auto, (max-width: 650px) 100vw, 650px\" \/><\/figure>\n\n\n\n<figure class=\"wp-block-image size-large is-resized\"><img loading=\"lazy\" decoding=\"async\" src=\"https:\/\/olvafrans.classy.be\/wp-content\/uploads\/2020\/04\/2.png\" alt=\"\" class=\"wp-image-101\" width=\"649\" height=\"114\" srcset=\"https:\/\/olvafrans.classy.be\/wp-content\/uploads\/2020\/04\/2.png 850w, https:\/\/olvafrans.classy.be\/wp-content\/uploads\/2020\/04\/2-300x53.png 300w, https:\/\/olvafrans.classy.be\/wp-content\/uploads\/2020\/04\/2-768x136.png 768w\" sizes=\"auto, (max-width: 649px) 100vw, 649px\" \/><\/figure>\n\n\n\n<p><strong>Prends <\/strong>la p. 324.<\/p>\n\n\n\n<figure class=\"wp-block-image size-large is-resized\"><img loading=\"lazy\" decoding=\"async\" src=\"https:\/\/olvafrans.classy.be\/wp-content\/uploads\/2020\/05\/8-1.png\" alt=\"\" class=\"wp-image-358\" width=\"643\" height=\"223\" srcset=\"https:\/\/olvafrans.classy.be\/wp-content\/uploads\/2020\/05\/8-1.png 831w, https:\/\/olvafrans.classy.be\/wp-content\/uploads\/2020\/05\/8-1-300x104.png 300w, https:\/\/olvafrans.classy.be\/wp-content\/uploads\/2020\/05\/8-1-768x267.png 768w\" sizes=\"auto, (max-width: 643px) 100vw, 643px\" \/><\/figure>\n\n\n\n<p><strong>R\u00e9ponds <\/strong>aux questions de la p. 324<\/p>\n\n\n\n<figure class=\"wp-block-image size-large\"><img loading=\"lazy\" decoding=\"async\" width=\"650\" height=\"40\" src=\"https:\/\/olvafrans.classy.be\/wp-content\/uploads\/2020\/04\/divider-Je-suis-styl\u00e9-2.png\" alt=\"\" class=\"wp-image-68\" srcset=\"https:\/\/olvafrans.classy.be\/wp-content\/uploads\/2020\/04\/divider-Je-suis-styl\u00e9-2.png 650w, https:\/\/olvafrans.classy.be\/wp-content\/uploads\/2020\/04\/divider-Je-suis-styl\u00e9-2-300x18.png 300w\" sizes=\"auto, (max-width: 650px) 100vw, 650px\" \/><\/figure>\n\n\n\n<p>Puis, <strong>contr\u00f4le <\/strong>les r\u00e9ponses.<\/p>\n\n\n\n<figure class=\"wp-block-image size-large is-resized\"><img loading=\"lazy\" decoding=\"async\" src=\"https:\/\/olvafrans.classy.be\/wp-content\/uploads\/2020\/05\/2020-05-06_10-40-41-1.png\" alt=\"\" class=\"wp-image-376\" width=\"239\" height=\"71\" srcset=\"https:\/\/olvafrans.classy.be\/wp-content\/uploads\/2020\/05\/2020-05-06_10-40-41-1.png 574w, https:\/\/olvafrans.classy.be\/wp-content\/uploads\/2020\/05\/2020-05-06_10-40-41-1-300x89.png 300w\" sizes=\"auto, (max-width: 239px) 100vw, 239px\" \/><\/figure>\n\n\n\n<div class=\"wp-block-file\"><a href=\"https:\/\/olvafrans.classy.be\/wp-content\/uploads\/2020\/05\/8b.png\">Oplossing p.324<\/a><a href=\"https:\/\/olvafrans.classy.be\/wp-content\/uploads\/2020\/05\/8b.png\" class=\"wp-block-file__button\" download>Download<\/a><\/div>\n\n\n\n<figure class=\"wp-block-image size-large\"><img loading=\"lazy\" decoding=\"async\" width=\"650\" height=\"40\" src=\"https:\/\/olvafrans.classy.be\/wp-content\/uploads\/2020\/04\/divider-Je-suis-styl\u00e9-2.png\" alt=\"\" class=\"wp-image-68\" srcset=\"https:\/\/olvafrans.classy.be\/wp-content\/uploads\/2020\/04\/divider-Je-suis-styl\u00e9-2.png 650w, https:\/\/olvafrans.classy.be\/wp-content\/uploads\/2020\/04\/divider-Je-suis-styl\u00e9-2-300x18.png 300w\" sizes=\"auto, (max-width: 650px) 100vw, 650px\" \/><\/figure>\n\n\n\n<figure class=\"wp-block-image size-large\"><img loading=\"lazy\" decoding=\"async\" width=\"850\" height=\"150\" src=\"https:\/\/olvafrans.classy.be\/wp-content\/uploads\/2020\/04\/2.png\" alt=\"\" class=\"wp-image-101\" srcset=\"https:\/\/olvafrans.classy.be\/wp-content\/uploads\/2020\/04\/2.png 850w, https:\/\/olvafrans.classy.be\/wp-content\/uploads\/2020\/04\/2-300x53.png 300w, https:\/\/olvafrans.classy.be\/wp-content\/uploads\/2020\/04\/2-768x136.png 768w\" sizes=\"auto, (max-width: 706px) 89vw, (max-width: 767px) 82vw, 740px\" \/><\/figure>\n\n\n\n<p>Maintenant tu vas faire l&#8217;ex. 18 <strong>c<\/strong>. C&#8217;est la partie la plus difficile. Regarde bien la photo pour comprendre ce que tu dois faire.<\/p>\n\n\n\n<figure class=\"wp-block-image size-large\"><img loading=\"lazy\" decoding=\"async\" width=\"1024\" height=\"618\" src=\"https:\/\/olvafrans.classy.be\/wp-content\/uploads\/2020\/05\/instructie-18c-1024x618.png\" alt=\"\" class=\"wp-image-381\" srcset=\"https:\/\/olvafrans.classy.be\/wp-content\/uploads\/2020\/05\/instructie-18c-1024x618.png 1024w, https:\/\/olvafrans.classy.be\/wp-content\/uploads\/2020\/05\/instructie-18c-300x181.png 300w, https:\/\/olvafrans.classy.be\/wp-content\/uploads\/2020\/05\/instructie-18c-768x463.png 768w, https:\/\/olvafrans.classy.be\/wp-content\/uploads\/2020\/05\/instructie-18c.png 1414w\" sizes=\"auto, (max-width: 706px) 89vw, (max-width: 767px) 82vw, 740px\" \/><\/figure>\n\n\n\n<hr class=\"wp-block-separator is-style-wide\"\/>\n\n\n\n<p>Kies \u00e9\u00e9n van de drie onderstaande trajecten en schrijf uit zoals hierboven beschreven. <\/p>\n\n\n\n<p>Alle drie de trajecten zijn ongeveer even lang, hebben <em>une correspondance<\/em> en gebruiken drie manieren om zich te verplaatsen. Er is dus geen &#8216;makkelijkste&#8217; van de drie.<\/p>\n\n\n\n<p><strong>Trajet A<\/strong>: van Waver (in buurt van Walibi) naar Namen<\/p>\n\n\n\n<figure class=\"wp-block-image size-large is-resized\"><img loading=\"lazy\" decoding=\"async\" src=\"https:\/\/olvafrans.classy.be\/wp-content\/uploads\/2020\/05\/trajet-A-800x1024.png\" alt=\"\" class=\"wp-image-383\" width=\"567\" height=\"725\" srcset=\"https:\/\/olvafrans.classy.be\/wp-content\/uploads\/2020\/05\/trajet-A-800x1024.png 800w, https:\/\/olvafrans.classy.be\/wp-content\/uploads\/2020\/05\/trajet-A-234x300.png 234w, https:\/\/olvafrans.classy.be\/wp-content\/uploads\/2020\/05\/trajet-A-768x983.png 768w, https:\/\/olvafrans.classy.be\/wp-content\/uploads\/2020\/05\/trajet-A.png 805w\" sizes=\"auto, (max-width: 567px) 100vw, 567px\" \/><\/figure>\n\n\n\n<hr class=\"wp-block-separator\"\/>\n\n\n\n<p><strong>Trajet B<\/strong>: Van Waterloo naar (de bende van) Nijvel.<\/p>\n\n\n\n<figure class=\"wp-block-image size-large is-resized\"><img loading=\"lazy\" decoding=\"async\" src=\"https:\/\/olvafrans.classy.be\/wp-content\/uploads\/2020\/05\/trajet-B.png\" alt=\"\" class=\"wp-image-384\" width=\"572\" height=\"685\" srcset=\"https:\/\/olvafrans.classy.be\/wp-content\/uploads\/2020\/05\/trajet-B.png 805w, https:\/\/olvafrans.classy.be\/wp-content\/uploads\/2020\/05\/trajet-B-250x300.png 250w, https:\/\/olvafrans.classy.be\/wp-content\/uploads\/2020\/05\/trajet-B-768x921.png 768w\" sizes=\"auto, (max-width: 572px) 100vw, 572px\" \/><\/figure>\n\n\n\n<hr class=\"wp-block-separator\"\/>\n\n\n\n<p><strong>Trajet C<\/strong> : Van Luik naar Durbuy (adventure)<\/p>\n\n\n\n<figure class=\"wp-block-image size-large is-resized\"><img loading=\"lazy\" decoding=\"async\" src=\"https:\/\/olvafrans.classy.be\/wp-content\/uploads\/2020\/05\/trajet-C.png\" alt=\"\" class=\"wp-image-385\" width=\"592\" height=\"588\" srcset=\"https:\/\/olvafrans.classy.be\/wp-content\/uploads\/2020\/05\/trajet-C.png 815w, https:\/\/olvafrans.classy.be\/wp-content\/uploads\/2020\/05\/trajet-C-300x298.png 300w, https:\/\/olvafrans.classy.be\/wp-content\/uploads\/2020\/05\/trajet-C-150x150.png 150w, https:\/\/olvafrans.classy.be\/wp-content\/uploads\/2020\/05\/trajet-C-768x762.png 768w, https:\/\/olvafrans.classy.be\/wp-content\/uploads\/2020\/05\/trajet-C-100x100.png 100w\" sizes=\"auto, (max-width: 592px) 100vw, 592px\" \/><\/figure>\n\n\n\n<figure class=\"wp-block-image size-large\"><img loading=\"lazy\" decoding=\"async\" width=\"650\" height=\"40\" src=\"https:\/\/olvafrans.classy.be\/wp-content\/uploads\/2020\/04\/divider-Je-suis-styl\u00e9-2.png\" alt=\"\" class=\"wp-image-68\" srcset=\"https:\/\/olvafrans.classy.be\/wp-content\/uploads\/2020\/04\/divider-Je-suis-styl\u00e9-2.png 650w, https:\/\/olvafrans.classy.be\/wp-content\/uploads\/2020\/04\/divider-Je-suis-styl\u00e9-2-300x18.png 300w\" sizes=\"auto, (max-width: 650px) 100vw, 650px\" \/><\/figure>\n\n\n\n<p>Er komt in de loop van de week (ten vroegste donderdagavond) een modeloplossing voor deze opdracht. <\/p>\n\n\n\n<p>Je hoeft niets op smartschool te zetten. Je controleert zelf je tekst op basis van de modeloplossing die je later vandaag hier zal kunnen vinden.<\/p>\n\n\n\n<p>De modeloplossingen:<\/p>\n\n\n\n<figure class=\"wp-block-image size-large is-resized\"><img loading=\"lazy\" decoding=\"async\" src=\"https:\/\/olvafrans.classy.be\/wp-content\/uploads\/2020\/05\/2020-05-06_10-40-41-1.png\" alt=\"\" class=\"wp-image-376\" width=\"363\" height=\"108\" srcset=\"https:\/\/olvafrans.classy.be\/wp-content\/uploads\/2020\/05\/2020-05-06_10-40-41-1.png 574w, https:\/\/olvafrans.classy.be\/wp-content\/uploads\/2020\/05\/2020-05-06_10-40-41-1-300x89.png 300w\" sizes=\"auto, (max-width: 363px) 100vw, 363px\" \/><\/figure>\n\n\n\n<div class=\"wp-block-file\"><a href=\"https:\/\/olvafrans.classy.be\/wp-content\/uploads\/2020\/05\/trajet-A-sol.png\">trajet-A-solution<\/a><a href=\"https:\/\/olvafrans.classy.be\/wp-content\/uploads\/2020\/05\/trajet-A-sol.png\" class=\"wp-block-file__button\" download>Download<\/a><\/div>\n\n\n\n<div class=\"wp-block-file\"><a href=\"https:\/\/olvafrans.classy.be\/wp-content\/uploads\/2020\/05\/trajet-B-sol.png\">trajet-B-solution<\/a><a href=\"https:\/\/olvafrans.classy.be\/wp-content\/uploads\/2020\/05\/trajet-B-sol.png\" class=\"wp-block-file__button\" download>Download<\/a><\/div>\n\n\n\n<p><\/p>\n","protected":false},"excerpt":{"rendered":"<p>Si tu veux prendre le train ou le bus (ou le taxi&#8230;), il faut savoir: chercher et comprendre de l&#8217;info sur internet ou sur une appli; demander de l&#8217;info \u00e0 une personne et comprendre cette info; donner une explication \u00e0 quelqu&#8217;un qui te demande de l&#8217;aide, un touriste francophone \u00e0 Bruges par exemple. Pouvoir se &hellip; <\/p>\n<p class=\"link-more\"><a href=\"https:\/\/olvafrans.classy.be\/?page_id=346\" class=\"more-link\">Lees verder <span class=\"screen-reader-text\">&#8220;Le\u00e7on n\u00b09 : Comment aller de A \u00e0 B? Comprendre et expliquer un trajet. (50 minutes)&#8221;<\/span><\/a><\/p>\n","protected":false},"author":1,"featured_media":0,"parent":0,"menu_order":0,"comment_status":"closed","ping_status":"closed","template":"","meta":{"footnotes":""},"class_list":["post-346","page","type-page","status-publish","hentry"],"_links":{"self":[{"href":"https:\/\/olvafrans.classy.be\/index.php?rest_route=\/wp\/v2\/pages\/346","targetHints":{"allow":["GET"]}}],"collection":[{"href":"https:\/\/olvafrans.classy.be\/index.php?rest_route=\/wp\/v2\/pages"}],"about":[{"href":"https:\/\/olvafrans.classy.be\/index.php?rest_route=\/wp\/v2\/types\/page"}],"author":[{"embeddable":true,"href":"https:\/\/olvafrans.classy.be\/index.php?rest_route=\/wp\/v2\/users\/1"}],"replies":[{"embeddable":true,"href":"https:\/\/olvafrans.classy.be\/index.php?rest_route=%2Fwp%2Fv2%2Fcomments&post=346"}],"version-history":[{"count":29,"href":"https:\/\/olvafrans.classy.be\/index.php?rest_route=\/wp\/v2\/pages\/346\/revisions"}],"predecessor-version":[{"id":784,"href":"https:\/\/olvafrans.classy.be\/index.php?rest_route=\/wp\/v2\/pages\/346\/revisions\/784"}],"wp:attachment":[{"href":"https:\/\/olvafrans.classy.be\/index.php?rest_route=%2Fwp%2Fv2%2Fmedia&parent=346"}],"curies":[{"name":"wp","href":"https:\/\/api.w.org\/{rel}","templated":true}]}}