{"id":34,"date":"2020-04-18T14:06:33","date_gmt":"2020-04-18T14:06:33","guid":{"rendered":"http:\/\/olvafrans.classy.be\/?page_id=34"},"modified":"2020-04-22T12:10:02","modified_gmt":"2020-04-22T12:10:02","slug":"devoir-lecon-n1","status":"publish","type":"page","link":"https:\/\/olvafrans.classy.be\/?page_id=34","title":{"rendered":"Le\u00e7on n\u00b01"},"content":{"rendered":"\n<figure class=\"wp-block-image size-large is-resized\"><img loading=\"lazy\" decoding=\"async\" src=\"https:\/\/olvafrans.classy.be\/wp-content\/uploads\/2020\/04\/1.png\" alt=\"\" class=\"wp-image-92\" width=\"425\" height=\"75\" srcset=\"https:\/\/olvafrans.classy.be\/wp-content\/uploads\/2020\/04\/1.png 850w, https:\/\/olvafrans.classy.be\/wp-content\/uploads\/2020\/04\/1-300x53.png 300w, https:\/\/olvafrans.classy.be\/wp-content\/uploads\/2020\/04\/1-768x136.png 768w\" sizes=\"auto, (max-width: 425px) 100vw, 425px\" \/><\/figure>\n\n\n\n<p>Dans le dossier 5, on parle des sujets suivants&#8230;<\/p>\n\n\n\n<ul class=\"wp-block-list\"><li>les moyens de transport<\/li><li>la gare<\/li><li>se d\u00e9placer<\/li><\/ul>\n\n\n\n<p><\/p>\n\n\n\n<h2 class=\"wp-block-heading\"><strong>Les chiffres, lire l&#8217;heure<\/strong> (max.20 minutes)<\/h2>\n\n\n\n<figure class=\"wp-block-image size-large is-resized\"><img loading=\"lazy\" decoding=\"async\" src=\"https:\/\/olvafrans.classy.be\/wp-content\/uploads\/2020\/04\/4.png\" alt=\"\" class=\"wp-image-93\" width=\"425\" height=\"75\" srcset=\"https:\/\/olvafrans.classy.be\/wp-content\/uploads\/2020\/04\/4.png 850w, https:\/\/olvafrans.classy.be\/wp-content\/uploads\/2020\/04\/4-300x53.png 300w, https:\/\/olvafrans.classy.be\/wp-content\/uploads\/2020\/04\/4-768x136.png 768w\" sizes=\"auto, (max-width: 425px) 100vw, 425px\" \/><\/figure>\n\n\n\n<p>Pour pouvoir prendre le train, le m\u00e9tro ou le bus, il faut aussi savoir <strong>\u00e0 quelle heure<\/strong> il part ou arrive! C&#8217;est donc <strong>important<\/strong> de pouvoir comprendre les horaires (uurtabellen), les heures et savoir lire l&#8217;heure. C&#8217;est pourquoi on reprend ceci&#8230;<\/p>\n\n\n\n<figure class=\"wp-block-image size-large is-resized\"><img loading=\"lazy\" decoding=\"async\" src=\"https:\/\/olvafrans.classy.be\/wp-content\/uploads\/2020\/04\/Het-doel_-waar-gaat-dit-uiteindelijk-naartoe_.png\" alt=\"\" class=\"wp-image-95\" width=\"425\" height=\"75\" srcset=\"https:\/\/olvafrans.classy.be\/wp-content\/uploads\/2020\/04\/Het-doel_-waar-gaat-dit-uiteindelijk-naartoe_.png 850w, https:\/\/olvafrans.classy.be\/wp-content\/uploads\/2020\/04\/Het-doel_-waar-gaat-dit-uiteindelijk-naartoe_-300x53.png 300w, https:\/\/olvafrans.classy.be\/wp-content\/uploads\/2020\/04\/Het-doel_-waar-gaat-dit-uiteindelijk-naartoe_-768x136.png 768w\" sizes=\"auto, (max-width: 425px) 100vw, 425px\" \/><\/figure>\n\n\n\n<p>Tu connais d\u00e9j\u00e0 les chiffres et lire l&#8217;heure. Mais comme c&#8217;est important, on reprend ce vocabulaire et ces phrases. <strong>Regarde<\/strong> l&#8217;image.<\/p>\n\n\n\n<figure class=\"wp-block-image size-large is-resized\"><img loading=\"lazy\" decoding=\"async\" src=\"https:\/\/olvafrans.classy.be\/wp-content\/uploads\/2020\/04\/uhrzeit-3b031585.png\" alt=\"\" class=\"wp-image-50\" width=\"424\" height=\"308\" srcset=\"https:\/\/olvafrans.classy.be\/wp-content\/uploads\/2020\/04\/uhrzeit-3b031585.png 600w, https:\/\/olvafrans.classy.be\/wp-content\/uploads\/2020\/04\/uhrzeit-3b031585-300x218.png 300w\" sizes=\"auto, (max-width: 424px) 100vw, 424px\" \/><\/figure>\n\n\n\n<p><\/p>\n\n\n\n<p>Si tu veux<strong> r\u00e9p\u00e9ter les chiffres<\/strong>, il y a <a rel=\"noreferrer noopener\" href=\"https:\/\/quizlet.com\/503022455\/flashcards\" target=\"_blank\">une liste sur Quizlet<\/a> pour reprendre l&#8217;adjectif num\u00e9ral. Cette liste va jusqu&#8217; \u00e0 59 et reprend quelques mots utiles.<\/p>\n\n\n\n<p>Si ce n&#8217;est pas n\u00e9cessaire de tout r\u00e9p\u00e9ter, tu peux aussi passer aux <strong>exercices <\/strong>tout de suite. <\/p>\n\n\n\n<p><strong>Pour le deuxi\u00e8me exercice<\/strong>, il faut bien cliquer sur play (1), noter sur papier (2), puis (3) Voir les solutions. Regarde la photo.<\/p>\n\n\n\n<figure class=\"wp-block-image size-large is-resized\"><img loading=\"lazy\" decoding=\"async\" src=\"https:\/\/olvafrans.classy.be\/wp-content\/uploads\/2020\/04\/ex2-815x1024.png\" alt=\"\" class=\"wp-image-206\" width=\"278\" height=\"348\" srcset=\"https:\/\/olvafrans.classy.be\/wp-content\/uploads\/2020\/04\/ex2-815x1024.png 815w, https:\/\/olvafrans.classy.be\/wp-content\/uploads\/2020\/04\/ex2-239x300.png 239w, https:\/\/olvafrans.classy.be\/wp-content\/uploads\/2020\/04\/ex2-768x965.png 768w, https:\/\/olvafrans.classy.be\/wp-content\/uploads\/2020\/04\/ex2.png 839w\" sizes=\"auto, (max-width: 278px) 100vw, 278px\" \/><\/figure>\n\n\n\n<ul class=\"wp-block-list\"><li>Luister naar de stem (zet audio aan) en klik op de juiste klokjes: <a rel=\"noreferrer noopener\" href=\"https:\/\/www.languageguide.org\/french\/telling-time\/\" target=\"_blank\">hier<\/a><\/li><li>Luister naar de stem, schrijf het uur op op papier en controleer dan: <a rel=\"noreferrer noopener\" href=\"https:\/\/www.podcastfrancaisfacile.com\/podcast\/il-est-quelle-heure.html\" target=\"_blank\">hier<\/a><\/li><li>Meerdere vraagjes over het uur: <a href=\"https:\/\/apprendre.tv5monde.com\/fr\/exercices\/a1-debutant\/grammaire-dire-lheure\" target=\"_blank\" rel=\"noreferrer noopener\">hier<\/a><\/li><\/ul>\n\n\n\n<p><\/p>\n\n\n\n<figure class=\"wp-block-image size-large is-resized\"><img loading=\"lazy\" decoding=\"async\" src=\"https:\/\/olvafrans.classy.be\/wp-content\/uploads\/2020\/04\/divider-Je-suis-styl\u00e9-2.png\" alt=\"\" class=\"wp-image-68\" width=\"744\" height=\"46\" srcset=\"https:\/\/olvafrans.classy.be\/wp-content\/uploads\/2020\/04\/divider-Je-suis-styl\u00e9-2.png 650w, https:\/\/olvafrans.classy.be\/wp-content\/uploads\/2020\/04\/divider-Je-suis-styl\u00e9-2-300x18.png 300w\" sizes=\"auto, (max-width: 706px) 89vw, (max-width: 767px) 82vw, 740px\" \/><\/figure>\n\n\n\n<h2 class=\"wp-block-heading\">Le verbe <strong>savoir<\/strong> (20 minutes)<\/h2>\n\n\n\n<p>Il y a le verbe <strong>conna\u00eetre<\/strong> et le verbe <strong>savoir<\/strong>. Les \u00e9l\u00e8ves les confondent (door elkaar halen) parfois. Regarde la courte vid\u00e9o pour mieux <strong>comprendre quand utiliser le verbe savoir et quand le verbe conn\u00e2itre<\/strong>.<\/p>\n\n\n\n<figure class=\"wp-block-video\"><video controls src=\"https:\/\/olvafrans.classy.be\/wp-content\/uploads\/2020\/04\/savoir-conna\u00eetre-1.mp4\"><\/video><\/figure>\n\n\n\n<p>(Mocht je dit niet begrijpen, geef gerust een seintje via Smartschool. De essentie is: <em>savoir <\/em>wordt heel vaak gevolgd door een ander werkwoord in de infinitief.)<\/p>\n\n\n\n<p>Alors, maintenant tu connais la diff\u00e9rence entre conna\u00eetre et savoir. Il est temps de regarder en d\u00e9tail ce verbe SAVOIR. <\/p>\n\n\n\n<figure class=\"wp-block-image size-large is-resized\"><img loading=\"lazy\" decoding=\"async\" src=\"https:\/\/olvafrans.classy.be\/wp-content\/uploads\/2020\/04\/Het-doel_-waar-gaat-dit-uiteindelijk-naartoe_.png\" alt=\"\" class=\"wp-image-95\" width=\"425\" height=\"75\" srcset=\"https:\/\/olvafrans.classy.be\/wp-content\/uploads\/2020\/04\/Het-doel_-waar-gaat-dit-uiteindelijk-naartoe_.png 850w, https:\/\/olvafrans.classy.be\/wp-content\/uploads\/2020\/04\/Het-doel_-waar-gaat-dit-uiteindelijk-naartoe_-300x53.png 300w, https:\/\/olvafrans.classy.be\/wp-content\/uploads\/2020\/04\/Het-doel_-waar-gaat-dit-uiteindelijk-naartoe_-768x136.png 768w\" sizes=\"auto, (max-width: 425px) 100vw, 425px\" \/><\/figure>\n\n\n\n<p>Le verbe savoir ressemble un peu les autres <strong>verbes en -OIR<\/strong>, comme devoir, pouvoir, vouloir. Tu sais donc que c&#8217;est un verbe irr\u00e9gulier (onregelmatig) et qu&#8217;il faudra l&#8217;apprendre.<\/p>\n\n\n\n<p><strong>Les francophones utilisent souvent le verbe savoir<\/strong>. C&#8217;est un verbe important. C&#8217;est donc facile de conna\u00eetre un peu la conjugaison de ce verbe.<\/p>\n\n\n\n<p>La conjuagaison: regarde la vid\u00e9o.<\/p>\n\n\n\n<p><span class=\"has-inline-color has-vivid-red-color\">Aandacht<\/span> (Deze duurt +5 minuten, maar de essentie staat in de eerste drie minuten. Het eind is alleen voor wie de werkwoordsvormen wil nazeggen).<\/p>\n\n\n\n<figure class=\"wp-block-video\"><video controls src=\"https:\/\/olvafrans.classy.be\/wp-content\/uploads\/2020\/04\/savoir.mp4\"><\/video><\/figure>\n\n\n\n<figure class=\"wp-block-image size-large is-resized\"><img loading=\"lazy\" decoding=\"async\" src=\"https:\/\/olvafrans.classy.be\/wp-content\/uploads\/2020\/04\/2.png\" alt=\"\" class=\"wp-image-101\" width=\"425\" height=\"75\" srcset=\"https:\/\/olvafrans.classy.be\/wp-content\/uploads\/2020\/04\/2.png 850w, https:\/\/olvafrans.classy.be\/wp-content\/uploads\/2020\/04\/2-300x53.png 300w, https:\/\/olvafrans.classy.be\/wp-content\/uploads\/2020\/04\/2-768x136.png 768w\" sizes=\"auto, (max-width: 425px) 100vw, 425px\" \/><\/figure>\n\n\n\n<ol class=\"wp-block-list\"><li>\u00e0 la p. 325, tu fais l&#8217;ex. f.<\/li><li>\u00e0 la p. 356, tu fais l&#8217;ex. 44<\/li><\/ol>\n\n\n\n<p>Ensuite tu t&#8217;entraines sur <a rel=\"noreferrer noopener\" href=\"http:\/\/www.verbuga.eu\/Mise\/Mise.html\" target=\"_blank\">verbuga<\/a> pour <strong>2x cinq minutes<\/strong>. (Si tu n&#8217;aimes pas verbuga, tu t&#8217;entraines autrement, sur papier.)<\/p>\n\n\n\n<p><span class=\"has-inline-color has-vivid-red-color\">Regarde l&#8217;image.<\/span> Si c&#8217;est trop difficile avec tous les temps \u00e0 la fois (tegelijk), commence par l&#8217; Indicatif pr\u00e9sent et le pass\u00e9 compos\u00e9. Puis ajoute l&#8217;imparfait. Finalement le futur simple et le Conditionnel pr\u00e9sent.<\/p>\n\n\n\n<figure class=\"wp-block-image size-large is-resized\"><img loading=\"lazy\" decoding=\"async\" src=\"https:\/\/olvafrans.classy.be\/wp-content\/uploads\/2020\/04\/2020-04-19_16-56-54.png\" alt=\"\" class=\"wp-image-102\" width=\"646\" height=\"330\" srcset=\"https:\/\/olvafrans.classy.be\/wp-content\/uploads\/2020\/04\/2020-04-19_16-56-54.png 874w, https:\/\/olvafrans.classy.be\/wp-content\/uploads\/2020\/04\/2020-04-19_16-56-54-300x153.png 300w, https:\/\/olvafrans.classy.be\/wp-content\/uploads\/2020\/04\/2020-04-19_16-56-54-768x392.png 768w\" sizes=\"auto, (max-width: 646px) 100vw, 646px\" \/><\/figure>\n\n\n\n<h2 class=\"wp-block-heading\">Voil\u00e0, c&#8217;est la fin de la premi\u00e8re heure de fran\u00e7ais. Fatigu\u00e9(e)? A demain! <\/h2>\n\n\n\n<figure class=\"wp-block-image size-large is-resized\"><img loading=\"lazy\" decoding=\"async\" src=\"https:\/\/olvafrans.classy.be\/wp-content\/uploads\/2020\/04\/fatigu\u00e9.png\" alt=\"\" class=\"wp-image-106\" width=\"167\" height=\"139\" srcset=\"https:\/\/olvafrans.classy.be\/wp-content\/uploads\/2020\/04\/fatigu\u00e9.png 666w, https:\/\/olvafrans.classy.be\/wp-content\/uploads\/2020\/04\/fatigu\u00e9-300x250.png 300w\" sizes=\"auto, (max-width: 167px) 100vw, 167px\" \/><\/figure>\n\n\n\n<p>Si tu veux continuer encore, clique sur le bouton.<\/p>\n\n\n\n<div class=\"wp-block-buttons is-layout-flex wp-block-buttons-is-layout-flex\">\n<div class=\"wp-block-button\"><a class=\"wp-block-button__link has-text-color has-very-light-gray-color has-background has-vivid-red-background-color\" href=\"https:\/\/olvafrans.classy.be\/?page_id=40\" target=\"_blank\" rel=\"noreferrer noopener\">Le\u00e7on \/ Devoir 2<\/a><\/div>\n<\/div>\n","protected":false},"excerpt":{"rendered":"<p>Dans le dossier 5, on parle des sujets suivants&#8230; les moyens de transport la gare se d\u00e9placer Les chiffres, lire l&#8217;heure (max.20 minutes) Pour pouvoir prendre le train, le m\u00e9tro ou le bus, il faut aussi savoir \u00e0 quelle heure il part ou arrive! C&#8217;est donc important de pouvoir comprendre les horaires (uurtabellen), les heures &hellip; <\/p>\n<p class=\"link-more\"><a href=\"https:\/\/olvafrans.classy.be\/?page_id=34\" class=\"more-link\">Lees verder <span class=\"screen-reader-text\">&#8220;Le\u00e7on n\u00b01&#8221;<\/span><\/a><\/p>\n","protected":false},"author":1,"featured_media":0,"parent":0,"menu_order":0,"comment_status":"closed","ping_status":"closed","template":"","meta":{"footnotes":""},"class_list":["post-34","page","type-page","status-publish","hentry"],"_links":{"self":[{"href":"https:\/\/olvafrans.classy.be\/index.php?rest_route=\/wp\/v2\/pages\/34","targetHints":{"allow":["GET"]}}],"collection":[{"href":"https:\/\/olvafrans.classy.be\/index.php?rest_route=\/wp\/v2\/pages"}],"about":[{"href":"https:\/\/olvafrans.classy.be\/index.php?rest_route=\/wp\/v2\/types\/page"}],"author":[{"embeddable":true,"href":"https:\/\/olvafrans.classy.be\/index.php?rest_route=\/wp\/v2\/users\/1"}],"replies":[{"embeddable":true,"href":"https:\/\/olvafrans.classy.be\/index.php?rest_route=%2Fwp%2Fv2%2Fcomments&post=34"}],"version-history":[{"count":41,"href":"https:\/\/olvafrans.classy.be\/index.php?rest_route=\/wp\/v2\/pages\/34\/revisions"}],"predecessor-version":[{"id":208,"href":"https:\/\/olvafrans.classy.be\/index.php?rest_route=\/wp\/v2\/pages\/34\/revisions\/208"}],"wp:attachment":[{"href":"https:\/\/olvafrans.classy.be\/index.php?rest_route=%2Fwp%2Fv2%2Fmedia&parent=34"}],"curies":[{"name":"wp","href":"https:\/\/api.w.org\/{rel}","templated":true}]}}