{"id":322,"date":"2020-05-04T18:10:55","date_gmt":"2020-05-04T18:10:55","guid":{"rendered":"https:\/\/olvafrans.classy.be\/?page_id=322"},"modified":"2020-05-06T09:38:04","modified_gmt":"2020-05-06T09:38:04","slug":"troisieme-semaine-du-4-au-8-mai","status":"publish","type":"page","link":"https:\/\/olvafrans.classy.be\/?page_id=322","title":{"rendered":"Troisi\u00e8me semaine: du 4 au 8 mai"},"content":{"rendered":"\n<p>Pour cette deuxi\u00e8me semaine, nous avons <strong>deux <\/strong>heures de fran\u00e7ais et <strong>pas d&#8217;\u00e9valuation<\/strong>. Comme dans la premi\u00e8re et deuxi\u00e8me semaine, tu trouves le lien vers les le\u00e7ons 8 et 9 sur cette page. <\/p>\n\n\n\n<figure class=\"wp-block-image size-large is-resized\"><img loading=\"lazy\" decoding=\"async\" src=\"https:\/\/olvafrans.classy.be\/wp-content\/uploads\/2020\/04\/hier.png\" alt=\"\" class=\"wp-image-85\" width=\"254\" height=\"112\" srcset=\"https:\/\/olvafrans.classy.be\/wp-content\/uploads\/2020\/04\/hier.png 856w, https:\/\/olvafrans.classy.be\/wp-content\/uploads\/2020\/04\/hier-300x133.png 300w, https:\/\/olvafrans.classy.be\/wp-content\/uploads\/2020\/04\/hier-768x340.png 768w\" sizes=\"auto, (max-width: 254px) 100vw, 254px\" \/><\/figure>\n\n\n\n<figure class=\"wp-block-image size-large\"><img loading=\"lazy\" decoding=\"async\" width=\"650\" height=\"40\" src=\"https:\/\/olvafrans.classy.be\/wp-content\/uploads\/2020\/04\/divider-Je-suis-styl\u00e9-2.png\" alt=\"\" class=\"wp-image-68\" srcset=\"https:\/\/olvafrans.classy.be\/wp-content\/uploads\/2020\/04\/divider-Je-suis-styl\u00e9-2.png 650w, https:\/\/olvafrans.classy.be\/wp-content\/uploads\/2020\/04\/divider-Je-suis-styl\u00e9-2-300x18.png 300w\" sizes=\"auto, (max-width: 650px) 100vw, 650px\" \/><\/figure>\n\n\n\n<p>Le\u00e7on n\u00b08: Verbuga des <strong>verbes<\/strong> <strong>r\u00e9guliers<\/strong>.<\/p>\n\n\n\n<p>Je vindt alle info <a href=\"https:\/\/olvafrans.classy.be\/?page_id=330\" target=\"_blank\" rel=\"noreferrer noopener\">hier<\/a>.<\/p>\n\n\n\n<figure class=\"wp-block-image size-large\"><img loading=\"lazy\" decoding=\"async\" width=\"650\" height=\"40\" src=\"https:\/\/olvafrans.classy.be\/wp-content\/uploads\/2020\/04\/divider-Je-suis-styl\u00e9-2.png\" alt=\"\" class=\"wp-image-68\" srcset=\"https:\/\/olvafrans.classy.be\/wp-content\/uploads\/2020\/04\/divider-Je-suis-styl\u00e9-2.png 650w, https:\/\/olvafrans.classy.be\/wp-content\/uploads\/2020\/04\/divider-Je-suis-styl\u00e9-2-300x18.png 300w\" sizes=\"auto, (max-width: 650px) 100vw, 650px\" \/><\/figure>\n\n\n\n<p>Le\u00e7on n\u00b09: Comment aller de A \u00e0 B,  <strong>comprendre et expliquer un trajet\/itin\u00e9raire<\/strong>.<\/p>\n\n\n\n<p>Je vindt alle info <a href=\"https:\/\/olvafrans.classy.be\/?page_id=346\" target=\"_blank\" rel=\"noreferrer noopener\">hier<\/a>. <\/p>\n","protected":false},"excerpt":{"rendered":"<p>Pour cette deuxi\u00e8me semaine, nous avons deux heures de fran\u00e7ais et pas d&#8217;\u00e9valuation. Comme dans la premi\u00e8re et deuxi\u00e8me semaine, tu trouves le lien vers les le\u00e7ons 8 et 9 sur cette page. Le\u00e7on n\u00b08: Verbuga des verbes r\u00e9guliers. Je vindt alle info hier. Le\u00e7on n\u00b09: Comment aller de A \u00e0 B, comprendre et expliquer &hellip; <\/p>\n<p class=\"link-more\"><a href=\"https:\/\/olvafrans.classy.be\/?page_id=322\" class=\"more-link\">Lees verder <span class=\"screen-reader-text\">&#8220;Troisi\u00e8me semaine: du 4 au 8 mai&#8221;<\/span><\/a><\/p>\n","protected":false},"author":1,"featured_media":0,"parent":0,"menu_order":0,"comment_status":"closed","ping_status":"closed","template":"","meta":{"footnotes":""},"class_list":["post-322","page","type-page","status-publish","hentry"],"_links":{"self":[{"href":"https:\/\/olvafrans.classy.be\/index.php?rest_route=\/wp\/v2\/pages\/322","targetHints":{"allow":["GET"]}}],"collection":[{"href":"https:\/\/olvafrans.classy.be\/index.php?rest_route=\/wp\/v2\/pages"}],"about":[{"href":"https:\/\/olvafrans.classy.be\/index.php?rest_route=\/wp\/v2\/types\/page"}],"author":[{"embeddable":true,"href":"https:\/\/olvafrans.classy.be\/index.php?rest_route=\/wp\/v2\/users\/1"}],"replies":[{"embeddable":true,"href":"https:\/\/olvafrans.classy.be\/index.php?rest_route=%2Fwp%2Fv2%2Fcomments&post=322"}],"version-history":[{"count":7,"href":"https:\/\/olvafrans.classy.be\/index.php?rest_route=\/wp\/v2\/pages\/322\/revisions"}],"predecessor-version":[{"id":391,"href":"https:\/\/olvafrans.classy.be\/index.php?rest_route=\/wp\/v2\/pages\/322\/revisions\/391"}],"wp:attachment":[{"href":"https:\/\/olvafrans.classy.be\/index.php?rest_route=%2Fwp%2Fv2%2Fmedia&parent=322"}],"curies":[{"name":"wp","href":"https:\/\/api.w.org\/{rel}","templated":true}]}}