{"id":250,"date":"2020-04-26T09:13:10","date_gmt":"2020-04-26T09:13:10","guid":{"rendered":"http:\/\/olvafrans.classy.be\/?page_id=250"},"modified":"2020-04-30T07:09:35","modified_gmt":"2020-04-30T07:09:35","slug":"lecon-n-7","status":"publish","type":"page","link":"https:\/\/olvafrans.classy.be\/?page_id=250","title":{"rendered":"Le\u00e7on n\u00b0 7"},"content":{"rendered":"\n<p>Peu de travail aujourd&#8217;hui. <strong>Regarde <\/strong>la vid\u00e9o interactive et <strong>fais <\/strong>ce que je vous demande avant dimanche \u00e0 12h.<\/p>\n\n\n\n<p><strong>Tip<\/strong>: zet de video best op volledige schermgrootte en luister met oortjes (maar niet te luid)<\/p>\n\n\n\n<div class=\"h5p-iframe-wrapper\"><iframe id=\"h5p-iframe-7\" class=\"h5p-iframe\" data-content-id=\"7\" style=\"height:1px\" src=\"about:blank\" frameBorder=\"0\" scrolling=\"no\" title=\"Il fait tout un trajet.\"><\/iframe><\/div>\n\n\n\n<figure class=\"wp-block-image size-large\"><img loading=\"lazy\" decoding=\"async\" width=\"850\" height=\"150\" src=\"https:\/\/olvafrans.classy.be\/wp-content\/uploads\/2020\/04\/Het-doel_-waar-gaat-dit-uiteindelijk-naartoe_-1.png\" alt=\"\" class=\"wp-image-209\" srcset=\"https:\/\/olvafrans.classy.be\/wp-content\/uploads\/2020\/04\/Het-doel_-waar-gaat-dit-uiteindelijk-naartoe_-1.png 850w, https:\/\/olvafrans.classy.be\/wp-content\/uploads\/2020\/04\/Het-doel_-waar-gaat-dit-uiteindelijk-naartoe_-1-300x53.png 300w, https:\/\/olvafrans.classy.be\/wp-content\/uploads\/2020\/04\/Het-doel_-waar-gaat-dit-uiteindelijk-naartoe_-1-768x136.png 768w\" sizes=\"auto, (max-width: 706px) 89vw, (max-width: 767px) 82vw, 740px\" \/><\/figure>\n\n\n\n<p>Si tu as regard\u00e9 la vid\u00e9o, tu sais ce que tu dois me montrer.<\/p>\n\n\n\n<hr class=\"wp-block-separator\"\/>\n\n\n\n<hr class=\"wp-block-separator\"\/>\n\n\n\n<p>Hiermee moet je niets doen, is gewoon leuk&#8230;<\/p>\n\n\n\n<figure class=\"wp-block-video\"><video controls src=\"https:\/\/olvafrans.classy.be\/wp-content\/uploads\/2020\/04\/2020-04-22_22-18-09.mp4\"><\/video><\/figure>\n","protected":false},"excerpt":{"rendered":"<p>Peu de travail aujourd&#8217;hui. Regarde la vid\u00e9o interactive et fais ce que je vous demande avant dimanche \u00e0 12h. Tip: zet de video best op volledige schermgrootte en luister met oortjes (maar niet te luid) Si tu as regard\u00e9 la vid\u00e9o, tu sais ce que tu dois me montrer. Hiermee moet je niets doen, is &hellip; <\/p>\n<p class=\"link-more\"><a href=\"https:\/\/olvafrans.classy.be\/?page_id=250\" class=\"more-link\">Lees verder <span class=\"screen-reader-text\">&#8220;Le\u00e7on n\u00b0 7&#8221;<\/span><\/a><\/p>\n","protected":false},"author":1,"featured_media":0,"parent":0,"menu_order":0,"comment_status":"closed","ping_status":"closed","template":"","meta":{"footnotes":""},"class_list":["post-250","page","type-page","status-publish","hentry"],"_links":{"self":[{"href":"https:\/\/olvafrans.classy.be\/index.php?rest_route=\/wp\/v2\/pages\/250","targetHints":{"allow":["GET"]}}],"collection":[{"href":"https:\/\/olvafrans.classy.be\/index.php?rest_route=\/wp\/v2\/pages"}],"about":[{"href":"https:\/\/olvafrans.classy.be\/index.php?rest_route=\/wp\/v2\/types\/page"}],"author":[{"embeddable":true,"href":"https:\/\/olvafrans.classy.be\/index.php?rest_route=\/wp\/v2\/users\/1"}],"replies":[{"embeddable":true,"href":"https:\/\/olvafrans.classy.be\/index.php?rest_route=%2Fwp%2Fv2%2Fcomments&post=250"}],"version-history":[{"count":7,"href":"https:\/\/olvafrans.classy.be\/index.php?rest_route=\/wp\/v2\/pages\/250\/revisions"}],"predecessor-version":[{"id":320,"href":"https:\/\/olvafrans.classy.be\/index.php?rest_route=\/wp\/v2\/pages\/250\/revisions\/320"}],"wp:attachment":[{"href":"https:\/\/olvafrans.classy.be\/index.php?rest_route=%2Fwp%2Fv2%2Fmedia&parent=250"}],"curies":[{"name":"wp","href":"https:\/\/api.w.org\/{rel}","templated":true}]}}