{"id":197,"date":"2020-04-21T19:11:19","date_gmt":"2020-04-21T19:11:19","guid":{"rendered":"http:\/\/olvafrans.classy.be\/?page_id=197"},"modified":"2020-04-29T19:39:43","modified_gmt":"2020-04-29T19:39:43","slug":"deuxieme-semaine-du-27-avril-au-premier-mai","status":"publish","type":"page","link":"https:\/\/olvafrans.classy.be\/?page_id=197","title":{"rendered":"Deuxi\u00e8me semaine: du 27 avril au premier mai."},"content":{"rendered":"\n<p>Pour cette deuxi\u00e8me semaine, nous avons deux heures de fran\u00e7ais et une heure d&#8217;\u00e9valuation. Comme dans la premi\u00e8re semaine, tu trouves le lien vers les le\u00e7ons 5, 6 et 7 sur cette page. Tu cliques sur &#8216;hier&#8217; pour acc\u00e9der l&#8217;info de cette heure.<\/p>\n\n\n\n<figure class=\"wp-block-image size-large is-resized\"><img loading=\"lazy\" decoding=\"async\" src=\"https:\/\/olvafrans.classy.be\/wp-content\/uploads\/2020\/04\/hier.png\" alt=\"\" class=\"wp-image-85\" width=\"214\" height=\"95\" srcset=\"https:\/\/olvafrans.classy.be\/wp-content\/uploads\/2020\/04\/hier.png 856w, https:\/\/olvafrans.classy.be\/wp-content\/uploads\/2020\/04\/hier-300x133.png 300w, https:\/\/olvafrans.classy.be\/wp-content\/uploads\/2020\/04\/hier-768x340.png 768w\" sizes=\"auto, (max-width: 214px) 100vw, 214px\" \/><\/figure>\n\n\n\n<figure class=\"wp-block-image size-large\"><img loading=\"lazy\" decoding=\"async\" width=\"650\" height=\"40\" src=\"https:\/\/olvafrans.classy.be\/wp-content\/uploads\/2020\/04\/divider-Je-suis-styl\u00e9-1.png\" alt=\"\" class=\"wp-image-67\" srcset=\"https:\/\/olvafrans.classy.be\/wp-content\/uploads\/2020\/04\/divider-Je-suis-styl\u00e9-1.png 650w, https:\/\/olvafrans.classy.be\/wp-content\/uploads\/2020\/04\/divider-Je-suis-styl\u00e9-1-300x18.png 300w\" sizes=\"auto, (max-width: 650px) 100vw, 650px\" \/><\/figure>\n\n\n\n<p>Le\u00e7on 5:  la <strong>pr\u00e9position <\/strong>(voorzetsel) avec les <strong>moyens de transport<\/strong> &#8211; le <strong>superlatif<\/strong>. <\/p>\n\n\n\n<p>Je vindt de les <a rel=\"noreferrer noopener\" href=\"https:\/\/olvafrans.classy.be\/?page_id=239\" target=\"_blank\">hier<\/a>. <\/p>\n\n\n\n<figure class=\"wp-block-image size-large\"><img loading=\"lazy\" decoding=\"async\" width=\"650\" height=\"40\" src=\"https:\/\/olvafrans.classy.be\/wp-content\/uploads\/2020\/04\/divider-Je-suis-styl\u00e9-2.png\" alt=\"\" class=\"wp-image-68\" srcset=\"https:\/\/olvafrans.classy.be\/wp-content\/uploads\/2020\/04\/divider-Je-suis-styl\u00e9-2.png 650w, https:\/\/olvafrans.classy.be\/wp-content\/uploads\/2020\/04\/divider-Je-suis-styl\u00e9-2-300x18.png 300w\" sizes=\"auto, (max-width: 650px) 100vw, 650px\" \/><\/figure>\n\n\n\n<p>Le\u00e7on 6: la <strong>comparaison <\/strong>(moyens de transport) &#8211; vocabulaire <strong>\u00e0 la gare.<\/strong> <\/p>\n\n\n\n<p>Je vindt de les <a href=\"https:\/\/olvafrans.classy.be\/?page_id=246\" target=\"_blank\" rel=\"noreferrer noopener\">hier<\/a>.<\/p>\n\n\n\n<figure class=\"wp-block-image size-large\"><img loading=\"lazy\" decoding=\"async\" width=\"650\" height=\"40\" src=\"https:\/\/olvafrans.classy.be\/wp-content\/uploads\/2020\/04\/divider-Je-suis-styl\u00e9-1.png\" alt=\"\" class=\"wp-image-67\" srcset=\"https:\/\/olvafrans.classy.be\/wp-content\/uploads\/2020\/04\/divider-Je-suis-styl\u00e9-1.png 650w, https:\/\/olvafrans.classy.be\/wp-content\/uploads\/2020\/04\/divider-Je-suis-styl\u00e9-1-300x18.png 300w\" sizes=\"auto, (max-width: 650px) 100vw, 650px\" \/><\/figure>\n\n\n\n<p>Le\u00e7on 7:  vid\u00e9o Prendre l&#8217;avion&#8230; en fran\u00e7ais! &#8211; Evaluatie. <\/p>\n\n\n\n<p>Je vindt alvast alle info <a href=\"https:\/\/olvafrans.classy.be\/?page_id=250\" target=\"_blank\" rel=\"noreferrer noopener\">hier<\/a>, voor de evaluatie wacht je tot donderdag rond 17u.<\/p>\n\n\n\n<p><\/p>\n\n\n\n<figure class=\"wp-block-image size-large\"><img loading=\"lazy\" decoding=\"async\" width=\"1024\" height=\"561\" src=\"https:\/\/olvafrans.classy.be\/wp-content\/uploads\/2020\/04\/2020-04-22_22-28-07-1024x561.png\" alt=\"\" class=\"wp-image-227\" srcset=\"https:\/\/olvafrans.classy.be\/wp-content\/uploads\/2020\/04\/2020-04-22_22-28-07-1024x561.png 1024w, https:\/\/olvafrans.classy.be\/wp-content\/uploads\/2020\/04\/2020-04-22_22-28-07-300x164.png 300w, https:\/\/olvafrans.classy.be\/wp-content\/uploads\/2020\/04\/2020-04-22_22-28-07-768x421.png 768w, https:\/\/olvafrans.classy.be\/wp-content\/uploads\/2020\/04\/2020-04-22_22-28-07.png 1097w\" sizes=\"auto, (max-width: 706px) 89vw, (max-width: 767px) 82vw, 740px\" \/><\/figure>\n","protected":false},"excerpt":{"rendered":"<p>Pour cette deuxi\u00e8me semaine, nous avons deux heures de fran\u00e7ais et une heure d&#8217;\u00e9valuation. Comme dans la premi\u00e8re semaine, tu trouves le lien vers les le\u00e7ons 5, 6 et 7 sur cette page. Tu cliques sur &#8216;hier&#8217; pour acc\u00e9der l&#8217;info de cette heure. Le\u00e7on 5: la pr\u00e9position (voorzetsel) avec les moyens de transport &#8211; le &hellip; <\/p>\n<p class=\"link-more\"><a href=\"https:\/\/olvafrans.classy.be\/?page_id=197\" class=\"more-link\">Lees verder <span class=\"screen-reader-text\">&#8220;Deuxi\u00e8me semaine: du 27 avril au premier mai.&#8221;<\/span><\/a><\/p>\n","protected":false},"author":1,"featured_media":0,"parent":0,"menu_order":0,"comment_status":"closed","ping_status":"closed","template":"","meta":{"footnotes":""},"class_list":["post-197","page","type-page","status-publish","hentry"],"_links":{"self":[{"href":"https:\/\/olvafrans.classy.be\/index.php?rest_route=\/wp\/v2\/pages\/197","targetHints":{"allow":["GET"]}}],"collection":[{"href":"https:\/\/olvafrans.classy.be\/index.php?rest_route=\/wp\/v2\/pages"}],"about":[{"href":"https:\/\/olvafrans.classy.be\/index.php?rest_route=\/wp\/v2\/types\/page"}],"author":[{"embeddable":true,"href":"https:\/\/olvafrans.classy.be\/index.php?rest_route=\/wp\/v2\/users\/1"}],"replies":[{"embeddable":true,"href":"https:\/\/olvafrans.classy.be\/index.php?rest_route=%2Fwp%2Fv2%2Fcomments&post=197"}],"version-history":[{"count":18,"href":"https:\/\/olvafrans.classy.be\/index.php?rest_route=\/wp\/v2\/pages\/197\/revisions"}],"predecessor-version":[{"id":321,"href":"https:\/\/olvafrans.classy.be\/index.php?rest_route=\/wp\/v2\/pages\/197\/revisions\/321"}],"wp:attachment":[{"href":"https:\/\/olvafrans.classy.be\/index.php?rest_route=%2Fwp%2Fv2%2Fmedia&parent=197"}],"curies":[{"name":"wp","href":"https:\/\/api.w.org\/{rel}","templated":true}]}}