{"id":16,"date":"2020-04-18T13:10:28","date_gmt":"2020-04-18T13:10:28","guid":{"rendered":"http:\/\/olvafrans.classy.be\/?page_id=16"},"modified":"2020-04-23T13:15:23","modified_gmt":"2020-04-23T13:15:23","slug":"premiere-semaine-du-20-avril-au-25-avril","status":"publish","type":"page","link":"https:\/\/olvafrans.classy.be\/?page_id=16","title":{"rendered":"Premi\u00e8re semaine: du 20 avril au 25 avril"},"content":{"rendered":"\n<p class=\"has-drop-cap\">C<strong>e sont des temps tr\u00e8s sp\u00e9ciaux, avec des mesures (maatregelen) tr\u00e8s sp\u00e9ciales. Voil\u00e0, on commence.<\/strong><\/p>\n\n\n\n<p><\/p>\n\n\n\n<p>Er zijn voor de eerste week drie &#8216;lessen&#8217; voorzien, deels online en deels in het schrift te maken. Gezien de vreemde omstandigheden en de onzekerheid over het verdere verloop van dit schooljaar, volgen we het werkschrift niet zomaar, we pikken er bepaalde elementen uit die echt wel nog moeten gezien worden. <\/p>\n\n\n\n<p><strong>Elke les is voorzien op 35 \u00e0 40 minuten<\/strong>, als je goed doorwerkt. Je kan er altijd nog wat extraatjes vinden, voor als je graag wat te doen hebt en je Netflix, Snapchat, Instagram en co wat beu bent.  \ud83d\ude42 <\/p>\n\n\n\n<p>Hieronder vind je de <strong>beschrijving <\/strong>van die verschillende lessen.  Ik raad aan om op de achtergrond stilletjes wat (waarom niet Franse) muziek op te zetten. Zo word je niet meteen afgeleid door rondlopende broers\/zussen, mama&#8217;s en papa&#8217;s die een videochat hebben voor het werk, als ze vragen om de vaatwas te legen \ud83d\ude42  of de meldingen op je gsm. Zet dus het geluid van muziek aan, die van meldingen uit. Doe het gewoon, je weet wel waarom&#8230; <\/p>\n\n\n\n<p>Klik telkens op de &#8216;hier&#8217; om aan de les te komen.<\/p>\n\n\n\n<figure class=\"wp-block-image size-large is-resized\"><img loading=\"lazy\" decoding=\"async\" src=\"https:\/\/olvafrans.classy.be\/wp-content\/uploads\/2020\/04\/hier.png\" alt=\"\" class=\"wp-image-85\" width=\"249\" height=\"110\" srcset=\"https:\/\/olvafrans.classy.be\/wp-content\/uploads\/2020\/04\/hier.png 856w, https:\/\/olvafrans.classy.be\/wp-content\/uploads\/2020\/04\/hier-300x133.png 300w, https:\/\/olvafrans.classy.be\/wp-content\/uploads\/2020\/04\/hier-768x340.png 768w\" sizes=\"auto, (max-width: 249px) 100vw, 249px\" \/><\/figure>\n\n\n\n<p><strong>Hieronder de lessen voor week 1<\/strong><\/p>\n\n\n\n<figure class=\"wp-block-image size-large is-resized\"><img loading=\"lazy\" decoding=\"async\" src=\"https:\/\/olvafrans.classy.be\/wp-content\/uploads\/2020\/04\/divider-Je-suis-styl\u00e9-2.png\" alt=\"\" class=\"wp-image-68\" width=\"437\" height=\"27\" srcset=\"https:\/\/olvafrans.classy.be\/wp-content\/uploads\/2020\/04\/divider-Je-suis-styl\u00e9-2.png 650w, https:\/\/olvafrans.classy.be\/wp-content\/uploads\/2020\/04\/divider-Je-suis-styl\u00e9-2-300x18.png 300w\" sizes=\"auto, (max-width: 437px) 100vw, 437px\" \/><\/figure>\n\n\n\n<h2 class=\"wp-block-heading\"><strong>Le\u00e7on 1<\/strong><\/h2>\n\n\n\n<p>sujets: l&#8217;<strong>adjectif num\u00e9ral<\/strong> \/  <strong>lire l&#8217;heure<\/strong> \/ le verbe <strong>savoir<\/strong><\/p>\n\n\n\n<p>Alle info voor deze eerste les vind je <a href=\"https:\/\/olvafrans.classy.be\/?page_id=34\" target=\"_blank\" rel=\"noreferrer noopener\">hier<\/a>.<\/p>\n\n\n\n<figure class=\"wp-block-image size-large is-resized\"><img loading=\"lazy\" decoding=\"async\" src=\"https:\/\/olvafrans.classy.be\/wp-content\/uploads\/2020\/04\/divider-Je-suis-styl\u00e9.png\" alt=\"\" class=\"wp-image-66\" width=\"439\" height=\"27\" srcset=\"https:\/\/olvafrans.classy.be\/wp-content\/uploads\/2020\/04\/divider-Je-suis-styl\u00e9.png 650w, https:\/\/olvafrans.classy.be\/wp-content\/uploads\/2020\/04\/divider-Je-suis-styl\u00e9-300x18.png 300w\" sizes=\"auto, (max-width: 439px) 100vw, 439px\" \/><\/figure>\n\n\n\n<h2 class=\"wp-block-heading\"><strong>Le\u00e7on 2<\/strong><\/h2>\n\n\n\n<p>sujets: vocabulaire &#8216;<strong>\u00e0 la gare<\/strong>&#8216; \/ le verbe <strong>savoir<\/strong><\/p>\n\n\n\n<p>Alle info voor deze tweede les vind je <a rel=\"noreferrer noopener\" href=\"https:\/\/olvafrans.classy.be\/?page_id=40\" target=\"_blank\">hier<\/a>.<\/p>\n\n\n\n<figure class=\"wp-block-image size-large is-resized\"><img loading=\"lazy\" decoding=\"async\" src=\"https:\/\/olvafrans.classy.be\/wp-content\/uploads\/2020\/04\/divider-Je-suis-styl\u00e9-1.png\" alt=\"\" class=\"wp-image-67\" width=\"439\" height=\"27\" srcset=\"https:\/\/olvafrans.classy.be\/wp-content\/uploads\/2020\/04\/divider-Je-suis-styl\u00e9-1.png 650w, https:\/\/olvafrans.classy.be\/wp-content\/uploads\/2020\/04\/divider-Je-suis-styl\u00e9-1-300x18.png 300w\" sizes=\"auto, (max-width: 439px) 100vw, 439px\" \/><\/figure>\n\n\n\n<h2 class=\"wp-block-heading\"><strong>Le\u00e7on 3<\/strong><\/h2>\n\n\n\n<p>sujet: compr\u00e9hension orale (luisteren) &#8216;<strong>acheter un billet de train<\/strong>&#8216;<\/p>\n\n\n\n<p>Alle info voor deze derde les vind je <a rel=\"noreferrer noopener\" href=\"https:\/\/olvafrans.classy.be\/?page_id=42\" target=\"_blank\">hier<\/a>.<\/p>\n\n\n\n<figure class=\"wp-block-image size-large is-resized\"><img loading=\"lazy\" decoding=\"async\" src=\"https:\/\/olvafrans.classy.be\/wp-content\/uploads\/2020\/04\/divider-Je-suis-styl\u00e9-2.png\" alt=\"\" class=\"wp-image-68\" width=\"439\" height=\"27\" srcset=\"https:\/\/olvafrans.classy.be\/wp-content\/uploads\/2020\/04\/divider-Je-suis-styl\u00e9-2.png 650w, https:\/\/olvafrans.classy.be\/wp-content\/uploads\/2020\/04\/divider-Je-suis-styl\u00e9-2-300x18.png 300w\" sizes=\"auto, (max-width: 439px) 100vw, 439px\" \/><\/figure>\n\n\n\n<h2 class=\"wp-block-heading\"><strong>Oplossingen van p. 309 &#8211; 313<\/strong><\/h2>\n\n\n\n<p>p309<\/p>\n\n\n\n<figure class=\"wp-block-video\"><video controls src=\"https:\/\/olvafrans.classy.be\/wp-content\/uploads\/2020\/04\/solutionp309.mp4\"><\/video><\/figure>\n\n\n\n<p>p310<\/p>\n\n\n\n<figure class=\"wp-block-video\"><video controls src=\"https:\/\/olvafrans.classy.be\/wp-content\/uploads\/2020\/04\/solutionp310.mp4\"><\/video><\/figure>\n\n\n\n<p>p3113-313<\/p>\n\n\n\n<figure class=\"wp-block-video\"><video controls src=\"https:\/\/olvafrans.classy.be\/wp-content\/uploads\/2020\/04\/solutionp3011312313.mp4\"><\/video><\/figure>\n\n\n\n<h2 class=\"wp-block-heading\"><strong>Evaluation \u00e0 la fin de la semaine.<\/strong><\/h2>\n\n\n\n<p>Deze info krijg je telkens op donderdag om 17u via een smartschoolbericht. Je hebt dan telkens tot zondagmiddag de tijd  om de evaluatie af te leggen.<\/p>\n","protected":false},"excerpt":{"rendered":"<p>Ce sont des temps tr\u00e8s sp\u00e9ciaux, avec des mesures (maatregelen) tr\u00e8s sp\u00e9ciales. Voil\u00e0, on commence. Er zijn voor de eerste week drie &#8216;lessen&#8217; voorzien, deels online en deels in het schrift te maken. Gezien de vreemde omstandigheden en de onzekerheid over het verdere verloop van dit schooljaar, volgen we het werkschrift niet zomaar, we pikken &hellip; <\/p>\n<p class=\"link-more\"><a href=\"https:\/\/olvafrans.classy.be\/?page_id=16\" class=\"more-link\">Lees verder <span class=\"screen-reader-text\">&#8220;Premi\u00e8re semaine: du 20 avril au 25 avril&#8221;<\/span><\/a><\/p>\n","protected":false},"author":1,"featured_media":0,"parent":0,"menu_order":0,"comment_status":"closed","ping_status":"closed","template":"","meta":{"footnotes":""},"class_list":["post-16","page","type-page","status-publish","hentry"],"_links":{"self":[{"href":"https:\/\/olvafrans.classy.be\/index.php?rest_route=\/wp\/v2\/pages\/16","targetHints":{"allow":["GET"]}}],"collection":[{"href":"https:\/\/olvafrans.classy.be\/index.php?rest_route=\/wp\/v2\/pages"}],"about":[{"href":"https:\/\/olvafrans.classy.be\/index.php?rest_route=\/wp\/v2\/types\/page"}],"author":[{"embeddable":true,"href":"https:\/\/olvafrans.classy.be\/index.php?rest_route=\/wp\/v2\/users\/1"}],"replies":[{"embeddable":true,"href":"https:\/\/olvafrans.classy.be\/index.php?rest_route=%2Fwp%2Fv2%2Fcomments&post=16"}],"version-history":[{"count":24,"href":"https:\/\/olvafrans.classy.be\/index.php?rest_route=\/wp\/v2\/pages\/16\/revisions"}],"predecessor-version":[{"id":234,"href":"https:\/\/olvafrans.classy.be\/index.php?rest_route=\/wp\/v2\/pages\/16\/revisions\/234"}],"wp:attachment":[{"href":"https:\/\/olvafrans.classy.be\/index.php?rest_route=%2Fwp%2Fv2%2Fmedia&parent=16"}],"curies":[{"name":"wp","href":"https:\/\/api.w.org\/{rel}","templated":true}]}}